{"id":13213,"date":"2025-03-02T12:28:55","date_gmt":"2025-03-02T12:28:55","guid":{"rendered":"https:\/\/www.biosysmed.com\/?page_id=13213"},"modified":"2025-05-22T12:45:24","modified_gmt":"2025-05-22T12:45:24","slug":"biobites","status":"publish","type":"page","link":"https:\/\/www.biosysmed.com\/tr\/biobites\/","title":{"rendered":"BioBites"},"content":{"rendered":"\t\t<div data-elementor-type=\"wp-page\" data-elementor-id=\"13213\" class=\"elementor elementor-13213\" data-elementor-post-type=\"page\">\n\t\t\t\t\t\t<section class=\"elementor-section elementor-top-section elementor-element elementor-element-12a3d90 elementor-section-boxed elementor-section-height-default elementor-section-height-default\" data-id=\"12a3d90\" data-element_type=\"section\">\n\t\t\t\t\t\t<div class=\"elementor-container elementor-column-gap-no\">\n\t\t\t\t\t<div class=\"aux-parallax-section elementor-column elementor-col-100 elementor-top-column elementor-element elementor-element-ef37a0a\" data-id=\"ef37a0a\" data-element_type=\"column\">\n\t\t\t<div class=\"elementor-widget-wrap elementor-element-populated\">\n\t\t\t\t\t\t<div class=\"elementor-element elementor-element-58c57c1 elementor-widget elementor-widget-spacer\" data-id=\"58c57c1\" data-element_type=\"widget\" data-widget_type=\"spacer.default\">\n\t\t\t\t<div class=\"elementor-widget-container\">\n\t\t\t\t\t<div class=\"elementor-spacer\">\n\t\t\t<div class=\"elementor-spacer-inner\"><\/div>\n\t\t<\/div>\n\t\t\t\t<\/div>\n\t\t\t\t<\/div>\n\t\t\t\t\t<\/div>\n\t\t<\/div>\n\t\t\t\t\t<\/div>\n\t\t<\/section>\n\t\t\t\t<section class=\"elementor-section elementor-top-section elementor-element elementor-element-1a07203 elementor-section-boxed elementor-section-height-default elementor-section-height-default\" data-id=\"1a07203\" data-element_type=\"section\" data-settings=\"{&quot;background_background&quot;:&quot;gradient&quot;}\">\n\t\t\t\t\t\t\t<div class=\"elementor-background-overlay\"><\/div>\n\t\t\t\t\t\t\t<div class=\"elementor-container elementor-column-gap-default\">\n\t\t\t\t\t<div class=\"aux-parallax-section elementor-column elementor-col-33 elementor-top-column elementor-element elementor-element-310c46e\" data-id=\"310c46e\" data-element_type=\"column\">\n\t\t\t<div class=\"elementor-widget-wrap elementor-element-populated\">\n\t\t\t\t\t\t<div class=\"elementor-element elementor-element-1a4cd67 elementor-view-default elementor-widget elementor-widget-icon\" data-id=\"1a4cd67\" data-element_type=\"widget\" data-widget_type=\"icon.default\">\n\t\t\t\t<div class=\"elementor-widget-container\">\n\t\t\t\t\t<div class=\"elementor-icon-wrapper\">\n\t\t\t<div class=\"elementor-icon\">\n\t\t\t<i aria-hidden=\"true\" class=\"fas fa-mail-bulk\"><\/i>\t\t\t<\/div>\n\t\t<\/div>\n\t\t\t\t<\/div>\n\t\t\t\t<\/div>\n\t\t\t\t\t<\/div>\n\t\t<\/div>\n\t\t\t\t<div class=\"aux-parallax-section elementor-column elementor-col-33 elementor-top-column elementor-element elementor-element-88a5bb5\" data-id=\"88a5bb5\" data-element_type=\"column\">\n\t\t\t<div class=\"elementor-widget-wrap elementor-element-populated\">\n\t\t\t\t\t\t<div class=\"elementor-element elementor-element-5a32cb1 elementor-widget elementor-widget-spacer\" data-id=\"5a32cb1\" data-element_type=\"widget\" data-widget_type=\"spacer.default\">\n\t\t\t\t<div class=\"elementor-widget-container\">\n\t\t\t\t\t<div class=\"elementor-spacer\">\n\t\t\t<div class=\"elementor-spacer-inner\"><\/div>\n\t\t<\/div>\n\t\t\t\t<\/div>\n\t\t\t\t<\/div>\n\t\t\t\t<div class=\"elementor-element elementor-element-6c80967 elementor-widget elementor-widget-heading\" data-id=\"6c80967\" data-element_type=\"widget\" data-widget_type=\"heading.default\">\n\t\t\t\t<div class=\"elementor-widget-container\">\n\t\t\t<h2 class=\"elementor-heading-title elementor-size-default\">B\u00fcltenimize<\/h2>\t\t<\/div>\n\t\t\t\t<\/div>\n\t\t\t\t<div class=\"elementor-element elementor-element-4c7fd12 elementor-widget elementor-widget-heading\" data-id=\"4c7fd12\" data-element_type=\"widget\" data-widget_type=\"heading.default\">\n\t\t\t\t<div class=\"elementor-widget-container\">\n\t\t\t<h2 class=\"elementor-heading-title elementor-size-default\">Abone olun<\/h2>\t\t<\/div>\n\t\t\t\t<\/div>\n\t\t\t\t\t<\/div>\n\t\t<\/div>\n\t\t\t\t<div class=\"aux-parallax-section elementor-column elementor-col-33 elementor-top-column elementor-element elementor-element-491f8bd\" data-id=\"491f8bd\" data-element_type=\"column\">\n\t\t\t<div class=\"elementor-widget-wrap elementor-element-populated\">\n\t\t\t\t\t\t<div class=\"elementor-element elementor-element-e818476 elementor-button-align-stretch elementor-widget elementor-widget-form\" data-id=\"e818476\" data-element_type=\"widget\" data-settings=\"{&quot;button_width&quot;:&quot;66&quot;,&quot;step_next_label&quot;:&quot;Next&quot;,&quot;step_previous_label&quot;:&quot;Previous&quot;,&quot;step_type&quot;:&quot;number_text&quot;,&quot;step_icon_shape&quot;:&quot;circle&quot;}\" data-widget_type=\"form.default\">\n\t\t\t\t<div class=\"elementor-widget-container\">\n\t\t\t\t\t<form class=\"elementor-form\" method=\"post\" name=\"New Form\">\n\t\t\t<input type=\"hidden\" name=\"post_id\" value=\"13213\"\/>\n\t\t\t<input type=\"hidden\" name=\"form_id\" value=\"e818476\"\/>\n\t\t\t<input type=\"hidden\" name=\"referer_title\" value=\"Biosys\" \/>\n\n\t\t\t\n\t\t\t<div class=\"elementor-form-fields-wrapper elementor-labels-above\">\n\t\t\t\t\t\t\t\t<div class=\"elementor-field-type-email elementor-field-group elementor-column elementor-field-group-email elementor-col-66 elementor-field-required\">\n\t\t\t\t\t\t\t\t\t\t\t\t\t<input size=\"1\" type=\"email\" name=\"form_fields[email]\" id=\"form-field-email\" class=\"elementor-field elementor-size-sm  elementor-field-textual\" placeholder=\"Email\" required=\"required\" aria-required=\"true\">\n\t\t\t\t\t\t\t\t\t\t\t<\/div>\n\t\t\t\t\t\t\t\t<div class=\"elementor-field-group elementor-column elementor-field-type-submit elementor-col-66 e-form__buttons\">\n\t\t\t\t\t<button class=\"elementor-button elementor-size-md\" type=\"submit\">\n\t\t\t\t\t\t<span class=\"elementor-button-content-wrapper\">\n\t\t\t\t\t\t\t\t\t\t\t\t\t\t\t\t\t\t\t\t\t\t<span class=\"elementor-button-text\">G\u00f6nder<\/span>\n\t\t\t\t\t\t\t\t\t\t\t\t\t<\/span>\n\t\t\t\t\t<\/button>\n\t\t\t\t<\/div>\n\t\t\t<\/div>\n\t\t<\/form>\n\t\t\t\t<\/div>\n\t\t\t\t<\/div>\n\t\t\t\t\t<\/div>\n\t\t<\/div>\n\t\t\t\t\t<\/div>\n\t\t<\/section>\n\t\t\t\t<section class=\"elementor-section elementor-top-section elementor-element elementor-element-d16c4e2 elementor-section-boxed elementor-section-height-default elementor-section-height-default\" data-id=\"d16c4e2\" data-element_type=\"section\">\n\t\t\t\t\t\t<div class=\"elementor-container elementor-column-gap-default\">\n\t\t\t\t\t<div class=\"aux-parallax-section elementor-column elementor-col-100 elementor-top-column elementor-element elementor-element-ddfe33f\" data-id=\"ddfe33f\" data-element_type=\"column\">\n\t\t\t<div class=\"elementor-widget-wrap\">\n\t\t\t\t\t\t\t<\/div>\n\t\t<\/div>\n\t\t\t\t\t<\/div>\n\t\t<\/section>\n\t\t\t\t<section class=\"elementor-section elementor-top-section elementor-element elementor-element-88dcec2 elementor-section-boxed elementor-section-height-default elementor-section-height-default\" data-id=\"88dcec2\" data-element_type=\"section\">\n\t\t\t\t\t\t<div class=\"elementor-container elementor-column-gap-default\">\n\t\t\t\t\t<div class=\"aux-parallax-section elementor-column elementor-col-100 elementor-top-column elementor-element elementor-element-3693ca9\" data-id=\"3693ca9\" data-element_type=\"column\">\n\t\t\t<div class=\"elementor-widget-wrap elementor-element-populated\">\n\t\t\t\t\t\t<div class=\"elementor-element elementor-element-10ff24b elementor-widget-divider--view-line elementor-widget elementor-widget-divider\" data-id=\"10ff24b\" data-element_type=\"widget\" data-widget_type=\"divider.default\">\n\t\t\t\t<div class=\"elementor-widget-container\">\n\t\t\t\t\t<div class=\"elementor-divider\">\n\t\t\t<span class=\"elementor-divider-separator\">\n\t\t\t\t\t\t<\/span>\n\t\t<\/div>\n\t\t\t\t<\/div>\n\t\t\t\t<\/div>\n\t\t\t\t<div class=\"elementor-element elementor-element-e6471e8 elementor-widget elementor-widget-tp-blog-listout\" data-id=\"e6471e8\" data-element_type=\"widget\" data-widget_type=\"tp-blog-listout.default\">\n\t\t\t\t<div class=\"elementor-widget-container\">\n\t\t\t<div id=\"pt-plus-blog-post-list\" class=\"blog-list post69f40769565c5  list-isotope  blog-style-2 hover-image-style-1 layout-style-1 animate-general\"  data-layout-type=\"fitRows\"   data-id=\"post69f40769565c5\" data-style=\"style-2\"  data-animate-type=\"transition.flipXIn\" data-animate-delay=\"50\" data-animate-offset=\"85%\"  dir= data-enable-isotope=\"1\" ><div id=\"post69f40769565c5\" class=\"tp-row post-inner-loop post69f40769565c5 text-center  \"><div class=\"grid-item metro-item  tp-col-lg-4 tp-col-md-6 tp-col-sm-12 tp-col-12  \"><article id=\"post-14645\" class=\"post-14645 post type-post status-publish format-standard has-post-thumbnail hentry category-biobites-tr\">\n\t<div class=\"blog-list-content\">\n\t\t\t\t<div class=\"post-content-image\">\n\t\t\t<a href=\"https:\/\/www.biosysmed.com\/tr\/hatali-ionm-sinyalleri-nedenleri\/\">\n\t\t\t\t\t<div class=\"blog-featured-image  tp-cst-img-full img\">\n\t<span class=\"thumb-wrap\">\n\t\t<img fetchpriority=\"high\" decoding=\"async\" width=\"1600\" height=\"900\" src=\"https:\/\/www.biosysmed.com\/wp-content\/uploads\/2026\/03\/biobites_cover_IONM_23.03tr.jpg\" class=\"attachment-full size-full\" alt=\"hatal\u0131 ionm sinyalleri\" srcset=\"https:\/\/www.biosysmed.com\/wp-content\/uploads\/2026\/03\/biobites_cover_IONM_23.03tr.jpg 1600w, https:\/\/www.biosysmed.com\/wp-content\/uploads\/2026\/03\/biobites_cover_IONM_23.03tr-1536x864.jpg 1536w, https:\/\/www.biosysmed.com\/wp-content\/uploads\/2026\/03\/biobites_cover_IONM_23.03tr-200x113.jpg 200w\" sizes=\"(max-width: 1600px) 100vw, 1600px\" \/>\t<\/span>\n\t<\/div>\n\t\t\t<\/a>\n\t\t\t\t\t<\/div>\n\t\t\t\t<div class=\"post-content-bottom\">\n\t\t\t\t\t\t<div class=\"post-metro-content\">\n\t\t\t\t<h3 class=\"post-title\">\n\t<a href=\"https:\/\/www.biosysmed.com\/tr\/hatali-ionm-sinyalleri-nedenleri\/\" class=\"normal\">Hatal\u0131 IONM Sinyalleri: Nedenleri ve \u00d6nleme Y\u00f6ntemleri<\/a>\n<\/h3>\n\t\t\t\t\t\t\t\t\t<div class=\"post-hover-content\">\n\t\t\t\t\t\t<div class=\"entry-content\">\n\t<p>Hatal\u0131 IONM sinyalleri, intraoperatif n\u00f6romonit\u00f6rizasyon s\u0131ras\u0131nda kaydedilen sinyallerin ger\u00e7ekte sinir hasar\u0131n\u0131 yans\u0131tmad\u0131\u011f\u0131 durumlar\u0131 ifade eder. Bu t\u00fcr yanl\u0131\u015f pozitif sinyaller; teknik artefaktlar, elektrot yerle\u015fimi veya cihaz konfig\u00fcrasyon hatalar\u0131ndan kaynaklanarak...<\/p>\n<\/div>\n\t\t\t\t\t<\/div>\n\t\t\t\t\t\t\t\t\t\t\t\t\t<div class=\"post-meta-info style-1\"><span class=\"meta-date\"><a href=\"https:\/\/www.biosysmed.com\/tr\/hatali-ionm-sinyalleri-nedenleri\/\"><span class=\"entry-date\">Mart 23, 2026<\/span><\/a><\/span>\n<\/div>\t\t\t\t\t\t\t<\/div>\n\t\t<\/div>\n\t\t\t\t\t<\/div>\n<\/article>\n<\/div><div class=\"grid-item metro-item  tp-col-lg-4 tp-col-md-6 tp-col-sm-12 tp-col-12  \"><article id=\"post-13630\" class=\"post-13630 post type-post status-publish format-standard has-post-thumbnail hentry category-biobites-tr\">\n\t<div class=\"blog-list-content\">\n\t\t\t\t<div class=\"post-content-image\">\n\t\t\t<a href=\"https:\/\/www.biosysmed.com\/tr\/yogun-bakimda-solunum-desteginin-tarihsel-degisimi\/\">\n\t\t\t\t\t<div class=\"blog-featured-image  tp-cst-img-full img\">\n\t<span class=\"thumb-wrap\">\n\t\t<img decoding=\"async\" width=\"1600\" height=\"900\" src=\"https:\/\/www.biosysmed.com\/wp-content\/uploads\/2025\/08\/biobites_tarih.jpg\" class=\"attachment-full size-full\" alt=\"mekanik ventilat\u00f6r\" srcset=\"https:\/\/www.biosysmed.com\/wp-content\/uploads\/2025\/08\/biobites_tarih.jpg 1600w, https:\/\/www.biosysmed.com\/wp-content\/uploads\/2025\/08\/biobites_tarih-1536x864.jpg 1536w, https:\/\/www.biosysmed.com\/wp-content\/uploads\/2025\/08\/biobites_tarih-200x113.jpg 200w\" sizes=\"(max-width: 1600px) 100vw, 1600px\" \/>\t<\/span>\n\t<\/div>\n\t\t\t<\/a>\n\t\t\t\t\t<\/div>\n\t\t\t\t<div class=\"post-content-bottom\">\n\t\t\t\t\t\t<div class=\"post-metro-content\">\n\t\t\t\t<h3 class=\"post-title\">\n\t<a href=\"https:\/\/www.biosysmed.com\/tr\/yogun-bakimda-solunum-desteginin-tarihsel-degisimi\/\" class=\"normal\">Yo\u011fun Bak\u0131mda Solunum Deste\u011finin Tarihsel De\u011fi\u015fimi<\/a>\n<\/h3>\n\t\t\t\t\t\t\t\t\t<div class=\"post-hover-content\">\n\t\t\t\t\t\t<div class=\"entry-content\">\n\t<p>Yo\u011fun bak\u0131mda solunum deste\u011fi, tarih boyunca basit manuel uygulamalardan geli\u015fmi\u015f, ak\u0131ll\u0131 cihazlara kadar \u00f6nemli bir evrim ge\u00e7irmi\u015ftir. \u0130lk olarak 20. y\u00fczy\u0131l ba\u015flar\u0131nda \u201ciron lung\u201d gibi negatif bas\u0131n\u00e7l\u0131 cihazlarla ba\u015flanan...<\/p>\n<\/div>\n\t\t\t\t\t<\/div>\n\t\t\t\t\t\t\t\t\t\t\t\t\t<div class=\"post-meta-info style-1\"><span class=\"meta-date\"><a href=\"https:\/\/www.biosysmed.com\/tr\/yogun-bakimda-solunum-desteginin-tarihsel-degisimi\/\"><span class=\"entry-date\">A\u011fustos 6, 2025<\/span><\/a><\/span>\n<\/div>\t\t\t\t\t\t\t<\/div>\n\t\t<\/div>\n\t\t\t\t\t<\/div>\n<\/article>\n<\/div><div class=\"grid-item metro-item  tp-col-lg-4 tp-col-md-6 tp-col-sm-12 tp-col-12  \"><article id=\"post-13557\" class=\"post-13557 post type-post status-publish format-standard has-post-thumbnail hentry category-biobites-tr\">\n\t<div class=\"blog-list-content\">\n\t\t\t\t<div class=\"post-content-image\">\n\t\t\t<a href=\"https:\/\/www.biosysmed.com\/tr\/evde-mekanik-ventilasyon-nedir\/\">\n\t\t\t\t\t<div class=\"blog-featured-image  tp-cst-img-full img\">\n\t<span class=\"thumb-wrap\">\n\t\t<img decoding=\"async\" width=\"1600\" height=\"900\" src=\"https:\/\/www.biosysmed.com\/wp-content\/uploads\/2025\/07\/biobites_evde1.jpg\" class=\"attachment-full size-full\" alt=\"\" srcset=\"https:\/\/www.biosysmed.com\/wp-content\/uploads\/2025\/07\/biobites_evde1.jpg 1600w, https:\/\/www.biosysmed.com\/wp-content\/uploads\/2025\/07\/biobites_evde1-1536x864.jpg 1536w, https:\/\/www.biosysmed.com\/wp-content\/uploads\/2025\/07\/biobites_evde1-200x113.jpg 200w\" sizes=\"(max-width: 1600px) 100vw, 1600px\" \/>\t<\/span>\n\t<\/div>\n\t\t\t<\/a>\n\t\t\t\t\t<\/div>\n\t\t\t\t<div class=\"post-content-bottom\">\n\t\t\t\t\t\t<div class=\"post-metro-content\">\n\t\t\t\t<h3 class=\"post-title\">\n\t<a href=\"https:\/\/www.biosysmed.com\/tr\/evde-mekanik-ventilasyon-nedir\/\" class=\"normal\">Evde Mekanik Ventilasyon Nedir?<\/a>\n<\/h3>\n\t\t\t\t\t\t\t\t\t<div class=\"post-hover-content\">\n\t\t\t\t\t\t<div class=\"entry-content\">\n\t<p>Evde mekanik ventilasyon, solunum yetmezli\u011fi olan hastalar\u0131n ev ortam\u0131nda mekanik ventilat\u00f6r cihazlar\u0131 ile solunumlar\u0131n\u0131n desteklenmesi ya da tamamen sa\u011flanmas\u0131d\u0131r. Bu sistemler genellikle hastanede ba\u015flat\u0131l\u0131r ve hasta stabil hale geldikten...<\/p>\n<\/div>\n\t\t\t\t\t<\/div>\n\t\t\t\t\t\t\t\t\t\t\t\t\t<div class=\"post-meta-info style-1\"><span class=\"meta-date\"><a href=\"https:\/\/www.biosysmed.com\/tr\/evde-mekanik-ventilasyon-nedir\/\"><span class=\"entry-date\">Temmuz 3, 2025<\/span><\/a><\/span>\n<\/div>\t\t\t\t\t\t\t<\/div>\n\t\t<\/div>\n\t\t\t\t\t<\/div>\n<\/article>\n<\/div><div class=\"grid-item metro-item  tp-col-lg-4 tp-col-md-6 tp-col-sm-12 tp-col-12  \"><article id=\"post-13461\" class=\"post-13461 post type-post status-publish format-standard has-post-thumbnail hentry category-biobites-tr\">\n\t<div class=\"blog-list-content\">\n\t\t\t\t<div class=\"post-content-image\">\n\t\t\t<a href=\"https:\/\/www.biosysmed.com\/tr\/tiroid-paratiroid-ameliyatlarinda-noromonitorizasyon-onemi\/\">\n\t\t\t\t\t<div class=\"blog-featured-image  tp-cst-img-full img\">\n\t<span class=\"thumb-wrap\">\n\t\t<img loading=\"lazy\" decoding=\"async\" width=\"1590\" height=\"894\" src=\"https:\/\/www.biosysmed.com\/wp-content\/uploads\/2025\/05\/biobites_neuro_tur.jpg\" class=\"attachment-full size-full\" alt=\"\" srcset=\"https:\/\/www.biosysmed.com\/wp-content\/uploads\/2025\/05\/biobites_neuro_tur.jpg 1590w, https:\/\/www.biosysmed.com\/wp-content\/uploads\/2025\/05\/biobites_neuro_tur-1536x864.jpg 1536w, https:\/\/www.biosysmed.com\/wp-content\/uploads\/2025\/05\/biobites_neuro_tur-200x112.jpg 200w\" sizes=\"(max-width: 1590px) 100vw, 1590px\" \/>\t<\/span>\n\t<\/div>\n\t\t\t<\/a>\n\t\t\t\t\t<\/div>\n\t\t\t\t<div class=\"post-content-bottom\">\n\t\t\t\t\t\t<div class=\"post-metro-content\">\n\t\t\t\t<h3 class=\"post-title\">\n\t<a href=\"https:\/\/www.biosysmed.com\/tr\/tiroid-paratiroid-ameliyatlarinda-noromonitorizasyon-onemi\/\" class=\"normal\">Tiroid ve Paratiroid Ameliyatlar\u0131nda \u0130ntraoperatif N\u00f6romonit\u00f6rizasyon&#8217;un \u00d6nemi<\/a>\n<\/h3>\n\t\t\t\t\t\t\t\t\t<div class=\"post-hover-content\">\n\t\t\t\t\t\t<div class=\"entry-content\">\n\t<p>Tiroid bezi endokrin sistemin \u00f6nemli par\u00e7alar\u0131ndan biri olup belirli hormonlar\u0131n \u00fcretiminde rol al\u0131r. Paratiroid bezleri ise tiroid bezinin etraf\u0131nda bulunan d\u00f6rt k\u00fc\u00e7\u00fck beze verilen genel add\u0131r. Enerji metabolizmas\u0131nda g\u00f6rev...<\/p>\n<\/div>\n\t\t\t\t\t<\/div>\n\t\t\t\t\t\t\t\t\t\t\t\t\t<div class=\"post-meta-info style-1\"><span class=\"meta-date\"><a href=\"https:\/\/www.biosysmed.com\/tr\/tiroid-paratiroid-ameliyatlarinda-noromonitorizasyon-onemi\/\"><span class=\"entry-date\">May\u0131s 20, 2025<\/span><\/a><\/span>\n<\/div>\t\t\t\t\t\t\t<\/div>\n\t\t<\/div>\n\t\t\t\t\t<\/div>\n<\/article>\n<\/div><div class=\"grid-item metro-item  tp-col-lg-4 tp-col-md-6 tp-col-sm-12 tp-col-12  \"><article id=\"post-13453\" class=\"post-13453 post type-post status-publish format-standard has-post-thumbnail hentry category-biobites-tr\">\n\t<div class=\"blog-list-content\">\n\t\t\t\t<div class=\"post-content-image\">\n\t\t\t<a href=\"https:\/\/www.biosysmed.com\/tr\/spo2-nedir\/\">\n\t\t\t\t\t<div class=\"blog-featured-image  tp-cst-img-full img\">\n\t<span class=\"thumb-wrap\">\n\t\t<img loading=\"lazy\" decoding=\"async\" width=\"1590\" height=\"894\" src=\"https:\/\/www.biosysmed.com\/wp-content\/uploads\/2025\/05\/biobites_spo2_tur.jpg\" class=\"attachment-full size-full\" alt=\"\" srcset=\"https:\/\/www.biosysmed.com\/wp-content\/uploads\/2025\/05\/biobites_spo2_tur.jpg 1590w, https:\/\/www.biosysmed.com\/wp-content\/uploads\/2025\/05\/biobites_spo2_tur-1536x864.jpg 1536w, https:\/\/www.biosysmed.com\/wp-content\/uploads\/2025\/05\/biobites_spo2_tur-200x112.jpg 200w\" sizes=\"(max-width: 1590px) 100vw, 1590px\" \/>\t<\/span>\n\t<\/div>\n\t\t\t<\/a>\n\t\t\t\t\t<\/div>\n\t\t\t\t<div class=\"post-content-bottom\">\n\t\t\t\t\t\t<div class=\"post-metro-content\">\n\t\t\t\t<h3 class=\"post-title\">\n\t<a href=\"https:\/\/www.biosysmed.com\/tr\/spo2-nedir\/\" class=\"normal\">SpO\u2082 Nedir?<\/a>\n<\/h3>\n\t\t\t\t\t\t\t\t\t<div class=\"post-hover-content\">\n\t\t\t\t\t\t<div class=\"entry-content\">\n\t<p>SpO\u2082, periferik oksijen sat\u00fcrasyonu anlam\u0131na gelir ve kandaki oksijen doygunlu\u011funu ifade eder. Bu de\u011fer, oksijenle ba\u011flanm\u0131\u015f hemoglobinin toplam hemoglobine oran\u0131n\u0131 g\u00f6sterir. V\u00fccudun d\u00fczg\u00fcn ve sa\u011fl\u0131kl\u0131 \u00e7al\u0131\u015fmas\u0131 i\u00e7in belirli miktarda...<\/p>\n<\/div>\n\t\t\t\t\t<\/div>\n\t\t\t\t\t\t\t\t\t\t\t\t\t<div class=\"post-meta-info style-1\"><span class=\"meta-date\"><a href=\"https:\/\/www.biosysmed.com\/tr\/spo2-nedir\/\"><span class=\"entry-date\">May\u0131s 20, 2025<\/span><\/a><\/span>\n<\/div>\t\t\t\t\t\t\t<\/div>\n\t\t<\/div>\n\t\t\t\t\t<\/div>\n<\/article>\n<\/div><div class=\"grid-item metro-item  tp-col-lg-4 tp-col-md-6 tp-col-sm-12 tp-col-12  \"><article id=\"post-13320\" class=\"post-13320 post type-post status-publish format-standard has-post-thumbnail hentry category-biobites category-biobites-tr tag-etco2 tag-ventilasyon\">\n\t<div class=\"blog-list-content\">\n\t\t\t\t<div class=\"post-content-image\">\n\t\t\t<a href=\"https:\/\/www.biosysmed.com\/tr\/etco%e2%82%82-nedir\/\">\n\t\t\t\t\t<div class=\"blog-featured-image  tp-cst-img-full img\">\n\t<span class=\"thumb-wrap\">\n\t\t<img loading=\"lazy\" decoding=\"async\" width=\"1600\" height=\"900\" src=\"https:\/\/www.biosysmed.com\/wp-content\/uploads\/2025\/03\/Biobite_Etco2_TR.jpg\" class=\"attachment-full size-full\" alt=\"\" srcset=\"https:\/\/www.biosysmed.com\/wp-content\/uploads\/2025\/03\/Biobite_Etco2_TR.jpg 1600w, https:\/\/www.biosysmed.com\/wp-content\/uploads\/2025\/03\/Biobite_Etco2_TR-1536x864.jpg 1536w, https:\/\/www.biosysmed.com\/wp-content\/uploads\/2025\/03\/Biobite_Etco2_TR-200x113.jpg 200w\" sizes=\"(max-width: 1600px) 100vw, 1600px\" \/>\t<\/span>\n\t<\/div>\n\t\t\t<\/a>\n\t\t\t\t\t<\/div>\n\t\t\t\t<div class=\"post-content-bottom\">\n\t\t\t\t\t\t<div class=\"post-metro-content\">\n\t\t\t\t<h3 class=\"post-title\">\n\t<a href=\"https:\/\/www.biosysmed.com\/tr\/etco%e2%82%82-nedir\/\" class=\"normal\">EtCO\u2082 Nedir?<\/a>\n<\/h3>\n\t\t\t\t\t\t\t\t\t<div class=\"post-hover-content\">\n\t\t\t\t\t\t<div class=\"entry-content\">\n\t<p>EtCO\u2082 (End-Tidal Carbon Dioxide), ekshalasyon sonunda solunum havas\u0131ndaki karbondioksit konsantrasyonunun \u00f6l\u00e7\u00fcm\u00fcd\u00fcr. Genellikle milimetre c\u0131va (mmHg) birimiyle ifade edilir ve kapnografi cihaz\u0131 kullan\u0131larak \u00f6l\u00e7\u00fcl\u00fcr. EtCO\u2082, solunum sistemi, kardiyak dola\u015f\u0131m ve...<\/p>\n<\/div>\n\t\t\t\t\t<\/div>\n\t\t\t\t\t\t\t\t\t\t\t\t\t<div class=\"post-meta-info style-1\"><span class=\"meta-date\"><a href=\"https:\/\/www.biosysmed.com\/tr\/etco%e2%82%82-nedir\/\"><span class=\"entry-date\">Mart 12, 2025<\/span><\/a><\/span>\n<\/div>\t\t\t\t\t\t\t<\/div>\n\t\t<\/div>\n\t\t\t\t\t<\/div>\n<\/article>\n<\/div><div class=\"grid-item metro-item  tp-col-lg-4 tp-col-md-6 tp-col-sm-12 tp-col-12  \"><article id=\"post-13294\" class=\"post-13294 post type-post status-publish format-standard has-post-thumbnail hentry category-biobites-tr category-biobites tag-intraoperatif-noromonitorizasyon\">\n\t<div class=\"blog-list-content\">\n\t\t\t\t<div class=\"post-content-image\">\n\t\t\t<a href=\"https:\/\/www.biosysmed.com\/tr\/intraoperatif-noromonitorizasyon-nedir\/\">\n\t\t\t\t\t<div class=\"blog-featured-image  tp-cst-img-full img\">\n\t<span class=\"thumb-wrap\">\n\t\t<img loading=\"lazy\" decoding=\"async\" width=\"1600\" height=\"900\" src=\"https:\/\/www.biosysmed.com\/wp-content\/uploads\/2025\/03\/Biobite_First_1_TR.jpg\" class=\"attachment-full size-full\" alt=\"\" srcset=\"https:\/\/www.biosysmed.com\/wp-content\/uploads\/2025\/03\/Biobite_First_1_TR.jpg 1600w, https:\/\/www.biosysmed.com\/wp-content\/uploads\/2025\/03\/Biobite_First_1_TR-1536x864.jpg 1536w, https:\/\/www.biosysmed.com\/wp-content\/uploads\/2025\/03\/Biobite_First_1_TR-200x113.jpg 200w\" sizes=\"(max-width: 1600px) 100vw, 1600px\" \/>\t<\/span>\n\t<\/div>\n\t\t\t<\/a>\n\t\t\t\t\t<\/div>\n\t\t\t\t<div class=\"post-content-bottom\">\n\t\t\t\t\t\t<div class=\"post-metro-content\">\n\t\t\t\t<h3 class=\"post-title\">\n\t<a href=\"https:\/\/www.biosysmed.com\/tr\/intraoperatif-noromonitorizasyon-nedir\/\" class=\"normal\">\u0130ntraoperatif N\u00f6romonit\u00f6rizasyon Nedir?<\/a>\n<\/h3>\n\t\t\t\t\t\t\t\t\t<div class=\"post-hover-content\">\n\t\t\t\t\t\t<div class=\"entry-content\">\n\t<p>\u0130ntraoperatif n\u00f6romonit\u00f6rizasyon (IONM), cerrahi s\u0131ras\u0131nda sinir sistemini, \u00f6zellikle sinirleri ve omurili\u011fi izlemeyi ve korumay\u0131 ama\u00e7layan bir tekniktir. \u00d6zellikle sinirlerin veya sinir sisteminin zarar g\u00f6rme riski y\u00fcksek olan ameliyatlarda kullan\u0131l\u0131r.&nbsp;&nbsp;...<\/p>\n<\/div>\n\t\t\t\t\t<\/div>\n\t\t\t\t\t\t\t\t\t\t\t\t\t<div class=\"post-meta-info style-1\"><span class=\"meta-date\"><a href=\"https:\/\/www.biosysmed.com\/tr\/intraoperatif-noromonitorizasyon-nedir\/\"><span class=\"entry-date\">Mart 12, 2025<\/span><\/a><\/span>\n<\/div>\t\t\t\t\t\t\t<\/div>\n\t\t<\/div>\n\t\t\t\t\t<\/div>\n<\/article>\n<\/div><\/div><\/div>\t\t<\/div>\n\t\t\t\t<\/div>\n\t\t\t\t\t<\/div>\n\t\t<\/div>\n\t\t\t\t\t<\/div>\n\t\t<\/section>\n\t\t\t\t<\/div>\n\t\t","protected":false},"excerpt":{"rendered":"<p>B\u00fcltenimize Abone olun Tiroid ve Paratiroid Ameliyatlar\u0131nda \u0130ntraoperatif N\u00f6romonit\u00f6rizasyon&#8217;un \u00d6nemi Tiroid bezi endokrin sistemin \u00f6nemli par\u00e7alar\u0131ndan biri olup belirli hormonlar\u0131n \u00fcretiminde rol al\u0131r. Paratiroid bezleri ise tiroid bezinin etraf\u0131nda bulunan d\u00f6rt k\u00fc\u00e7\u00fck beze verilen genel add\u0131r. Enerji metabolizmas\u0131nda g\u00f6rev&#8230; May 20, 2025 SpO\u2082 Nedir? SpO\u2082, periferik oksijen sat\u00fcrasyonu anlam\u0131na gelir ve kandaki oksijen doygunlu\u011funu ifade [&hellip;]<\/p>\n","protected":false},"author":2,"featured_media":0,"parent":0,"menu_order":0,"comment_status":"closed","ping_status":"closed","template":"","meta":{"content-type":"","footnotes":""},"class_list":["post-13213","page","type-page","status-publish","hentry"],"_links":{"self":[{"href":"https:\/\/www.biosysmed.com\/tr\/wp-json\/wp\/v2\/pages\/13213"}],"collection":[{"href":"https:\/\/www.biosysmed.com\/tr\/wp-json\/wp\/v2\/pages"}],"about":[{"href":"https:\/\/www.biosysmed.com\/tr\/wp-json\/wp\/v2\/types\/page"}],"author":[{"embeddable":true,"href":"https:\/\/www.biosysmed.com\/tr\/wp-json\/wp\/v2\/users\/2"}],"replies":[{"embeddable":true,"href":"https:\/\/www.biosysmed.com\/tr\/wp-json\/wp\/v2\/comments?post=13213"}],"version-history":[{"count":16,"href":"https:\/\/www.biosysmed.com\/tr\/wp-json\/wp\/v2\/pages\/13213\/revisions"}],"predecessor-version":[{"id":13474,"href":"https:\/\/www.biosysmed.com\/tr\/wp-json\/wp\/v2\/pages\/13213\/revisions\/13474"}],"wp:attachment":[{"href":"https:\/\/www.biosysmed.com\/tr\/wp-json\/wp\/v2\/media?parent=13213"}],"curies":[{"name":"wp","href":"https:\/\/api.w.org\/{rel}","templated":true}]}}