{"id":13673,"date":"2025-08-14T21:07:35","date_gmt":"2025-08-14T21:07:35","guid":{"rendered":"https:\/\/www.biosysmed.com\/?page_id=13673"},"modified":"2025-08-15T13:03:23","modified_gmt":"2025-08-15T13:03:23","slug":"halka-arz","status":"publish","type":"page","link":"https:\/\/www.biosysmed.com\/tr\/halka-arz\/","title":{"rendered":"Halka Arz"},"content":{"rendered":"\t\t<div data-elementor-type=\"wp-page\" data-elementor-id=\"13673\" class=\"elementor elementor-13673\" data-elementor-post-type=\"page\">\n\t\t\t\t\t\t<section class=\"elementor-section elementor-top-section elementor-element elementor-element-486c786 elementor-section-boxed elementor-section-height-default elementor-section-height-default\" data-id=\"486c786\" data-element_type=\"section\">\n\t\t\t\t\t\t<div class=\"elementor-container elementor-column-gap-default\">\n\t\t\t\t\t<div class=\"aux-parallax-section elementor-column elementor-col-100 elementor-top-column elementor-element elementor-element-bba6dde\" data-id=\"bba6dde\" data-element_type=\"column\">\n\t\t\t<div class=\"elementor-widget-wrap elementor-element-populated\">\n\t\t\t\t\t\t<div class=\"elementor-element elementor-element-79dd7f1 elementor-widget elementor-widget-spacer\" data-id=\"79dd7f1\" data-element_type=\"widget\" data-widget_type=\"spacer.default\">\n\t\t\t\t<div class=\"elementor-widget-container\">\n\t\t\t\t\t<div class=\"elementor-spacer\">\n\t\t\t<div class=\"elementor-spacer-inner\"><\/div>\n\t\t<\/div>\n\t\t\t\t<\/div>\n\t\t\t\t<\/div>\n\t\t\t\t<div class=\"elementor-element elementor-element-cb21e01 elementor-widget elementor-widget-heading\" data-id=\"cb21e01\" data-element_type=\"widget\" data-widget_type=\"heading.default\">\n\t\t\t\t<div class=\"elementor-widget-container\">\n\t\t\t<h1 class=\"elementor-heading-title elementor-size-default\">Halka Arz<\/h1>\t\t<\/div>\n\t\t\t\t<\/div>\n\t\t\t\t<div class=\"elementor-element elementor-element-f01a681 elementor-widget elementor-widget-text-editor\" data-id=\"f01a681\" data-element_type=\"widget\" data-widget_type=\"text-editor.default\">\n\t\t\t\t<div class=\"elementor-widget-container\">\n\t\t\t\t\t\t\t<p><strong>Taslak \u0130zahname<\/strong> ve <strong>Fon Kullan\u0131m Yeri<\/strong> Raporunu a\u015fa\u011f\u0131daki ba\u011flant\u0131lara t\u0131klayarak indirebilirsiniz.<\/p>\t\t\t\t\t\t<\/div>\n\t\t\t\t<\/div>\n\t\t\t\t<section class=\"elementor-section elementor-inner-section elementor-element elementor-element-dbbe5cc elementor-section-boxed elementor-section-height-default elementor-section-height-default\" data-id=\"dbbe5cc\" data-element_type=\"section\">\n\t\t\t\t\t\t<div class=\"elementor-container elementor-column-gap-no\">\n\t\t\t\t\t<div class=\"aux-parallax-section elementor-column elementor-col-100 elementor-inner-column elementor-element elementor-element-08a15ac\" data-id=\"08a15ac\" data-element_type=\"column\">\n\t\t\t<div class=\"elementor-widget-wrap elementor-element-populated\">\n\t\t\t\t\t\t<div class=\"elementor-element elementor-element-9608065 elementor-widget__width-auto elementor-widget elementor-widget-button\" data-id=\"9608065\" data-element_type=\"widget\" data-widget_type=\"button.default\">\n\t\t\t\t<div class=\"elementor-widget-container\">\n\t\t\t\t\t\t\t<div class=\"elementor-button-wrapper\">\n\t\t\t\t\t<a class=\"elementor-button elementor-button-link elementor-size-sm\" href=\"https:\/\/www.biosysmed.com\/wp-content\/uploads\/2025\/08\/BIOSYS-EK-9-IZAHNAME.pdf\" target=\"_blank\">\n\t\t\t\t\t\t<span class=\"elementor-button-content-wrapper\">\n\t\t\t\t\t\t<span class=\"elementor-button-icon\">\n\t\t\t\t<i aria-hidden=\"true\" class=\"far fa-file-alt\"><\/i>\t\t\t<\/span>\n\t\t\t\t\t\t\t\t\t<span class=\"elementor-button-text\">Taslak \u0130zahname<\/span>\n\t\t\t\t\t<\/span>\n\t\t\t\t\t<\/a>\n\t\t\t\t<\/div>\n\t\t\t\t\t\t<\/div>\n\t\t\t\t<\/div>\n\t\t\t\t<div class=\"elementor-element elementor-element-bb5153f elementor-widget__width-auto elementor-widget elementor-widget-button\" data-id=\"bb5153f\" data-element_type=\"widget\" data-widget_type=\"button.default\">\n\t\t\t\t<div class=\"elementor-widget-container\">\n\t\t\t\t\t\t\t<div class=\"elementor-button-wrapper\">\n\t\t\t\t\t<a class=\"elementor-button elementor-button-link elementor-size-sm\" href=\"https:\/\/www.biosysmed.com\/wp-content\/uploads\/2025\/08\/BIOSYS-EK-6-EK-22-FON-KULLANIM-RAPORUNA-ILISKIN-YKK.pdf\" target=\"_blank\">\n\t\t\t\t\t\t<span class=\"elementor-button-content-wrapper\">\n\t\t\t\t\t\t<span class=\"elementor-button-icon\">\n\t\t\t\t<i aria-hidden=\"true\" class=\"far fa-file-alt\"><\/i>\t\t\t<\/span>\n\t\t\t\t\t\t\t\t\t<span class=\"elementor-button-text\">Fon Kullan\u0131m Yeri Raporu<\/span>\n\t\t\t\t\t<\/span>\n\t\t\t\t\t<\/a>\n\t\t\t\t<\/div>\n\t\t\t\t\t\t<\/div>\n\t\t\t\t<\/div>\n\t\t\t\t\t<\/div>\n\t\t<\/div>\n\t\t\t\t\t<\/div>\n\t\t<\/section>\n\t\t\t\t<div class=\"elementor-element elementor-element-9d60285 elementor-widget elementor-widget-spacer\" data-id=\"9d60285\" data-element_type=\"widget\" data-widget_type=\"spacer.default\">\n\t\t\t\t<div class=\"elementor-widget-container\">\n\t\t\t\t\t<div class=\"elementor-spacer\">\n\t\t\t<div class=\"elementor-spacer-inner\"><\/div>\n\t\t<\/div>\n\t\t\t\t<\/div>\n\t\t\t\t<\/div>\n\t\t\t\t\t<\/div>\n\t\t<\/div>\n\t\t\t\t\t<\/div>\n\t\t<\/section>\n\t\t\t\t<\/div>\n\t\t","protected":false},"excerpt":{"rendered":"<p>Taslak \u0130zahname ve Fon Kullan\u0131m Yeri Raporunu a\u015fa\u011f\u0131daki ba\u011flant\u0131lara t\u0131klayarak indirebilirsiniz. Taslak \u0130zahname Fon Kullan\u0131m Yeri Raporu<\/p>\n","protected":false},"author":2,"featured_media":0,"parent":0,"menu_order":0,"comment_status":"closed","ping_status":"closed","template":"","meta":{"content-type":"","footnotes":""},"class_list":["post-13673","page","type-page","status-publish","hentry"],"_links":{"self":[{"href":"https:\/\/www.biosysmed.com\/tr\/wp-json\/wp\/v2\/pages\/13673"}],"collection":[{"href":"https:\/\/www.biosysmed.com\/tr\/wp-json\/wp\/v2\/pages"}],"about":[{"href":"https:\/\/www.biosysmed.com\/tr\/wp-json\/wp\/v2\/types\/page"}],"author":[{"embeddable":true,"href":"https:\/\/www.biosysmed.com\/tr\/wp-json\/wp\/v2\/users\/2"}],"replies":[{"embeddable":true,"href":"https:\/\/www.biosysmed.com\/tr\/wp-json\/wp\/v2\/comments?post=13673"}],"version-history":[{"count":28,"href":"https:\/\/www.biosysmed.com\/tr\/wp-json\/wp\/v2\/pages\/13673\/revisions"}],"predecessor-version":[{"id":13840,"href":"https:\/\/www.biosysmed.com\/tr\/wp-json\/wp\/v2\/pages\/13673\/revisions\/13840"}],"wp:attachment":[{"href":"https:\/\/www.biosysmed.com\/tr\/wp-json\/wp\/v2\/media?parent=13673"}],"curies":[{"name":"wp","href":"https:\/\/api.w.org\/{rel}","templated":true}]}}