{"id":13719,"date":"2025-08-14T21:14:44","date_gmt":"2025-08-14T21:14:44","guid":{"rendered":"https:\/\/www.biosysmed.com\/?page_id=13719"},"modified":"2025-08-15T08:10:27","modified_gmt":"2025-08-15T08:10:27","slug":"kurumsal-yonetim","status":"publish","type":"page","link":"https:\/\/www.biosysmed.com\/tr\/kurumsal-yonetim\/","title":{"rendered":"Kurumsal Y\u00f6netim"},"content":{"rendered":"\t\t<div data-elementor-type=\"wp-page\" data-elementor-id=\"13719\" class=\"elementor elementor-13719\" data-elementor-post-type=\"page\">\n\t\t\t\t\t\t<section class=\"elementor-section elementor-top-section elementor-element elementor-element-2b0ad5e elementor-section-boxed elementor-section-height-default elementor-section-height-default\" data-id=\"2b0ad5e\" data-element_type=\"section\">\n\t\t\t\t\t\t<div class=\"elementor-container elementor-column-gap-default\">\n\t\t\t\t\t<div class=\"aux-parallax-section elementor-column elementor-col-100 elementor-top-column elementor-element elementor-element-ef2cc4c\" data-id=\"ef2cc4c\" data-element_type=\"column\">\n\t\t\t<div class=\"elementor-widget-wrap elementor-element-populated\">\n\t\t\t\t\t\t<div class=\"elementor-element elementor-element-4040a70 elementor-widget elementor-widget-spacer\" data-id=\"4040a70\" data-element_type=\"widget\" data-widget_type=\"spacer.default\">\n\t\t\t\t<div class=\"elementor-widget-container\">\n\t\t\t\t\t<div class=\"elementor-spacer\">\n\t\t\t<div class=\"elementor-spacer-inner\"><\/div>\n\t\t<\/div>\n\t\t\t\t<\/div>\n\t\t\t\t<\/div>\n\t\t\t\t<div class=\"elementor-element elementor-element-be80942 elementor-widget elementor-widget-heading\" data-id=\"be80942\" data-element_type=\"widget\" data-widget_type=\"heading.default\">\n\t\t\t\t<div class=\"elementor-widget-container\">\n\t\t\t<h1 class=\"elementor-heading-title elementor-size-default\">Kurumsal Y\u00f6netim<\/h1>\t\t<\/div>\n\t\t\t\t<\/div>\n\t\t\t\t<div class=\"elementor-element elementor-element-392e338 elementor-widget elementor-widget-spacer\" data-id=\"392e338\" data-element_type=\"widget\" data-widget_type=\"spacer.default\">\n\t\t\t\t<div class=\"elementor-widget-container\">\n\t\t\t\t\t<div class=\"elementor-spacer\">\n\t\t\t<div class=\"elementor-spacer-inner\"><\/div>\n\t\t<\/div>\n\t\t\t\t<\/div>\n\t\t\t\t<\/div>\n\t\t\t\t<div class=\"elementor-element elementor-element-206db1e elementor-widget elementor-widget-heading\" data-id=\"206db1e\" data-element_type=\"widget\" data-widget_type=\"heading.default\">\n\t\t\t\t<div class=\"elementor-widget-container\">\n\t\t\t<h2 class=\"elementor-heading-title elementor-size-default\">Y\u00f6netim Kurulu<\/h2>\t\t<\/div>\n\t\t\t\t<\/div>\n\t\t\t\t<div class=\"elementor-element elementor-element-2dc8af4 elementor-widget elementor-widget-aux_responsive_table\" data-id=\"2dc8af4\" data-element_type=\"widget\" data-widget_type=\"aux_responsive_table.default\">\n\t\t\t\t<div class=\"elementor-widget-container\">\n\t\t\t        <div class=\"widget-container aux-widget-responsive-table\" >\n            <div class=\"widget-inner\" >\n                <style>\r\nh2, h1 {\r\n    line-height: 1.2em !important;\r\n}\r\n.responsive-table {\r\n  display: table;\r\n  width: 100%;\r\n  border-collapse: collapse;\r\n}\r\n\r\n.kurul-bilgi{\r\n    width: 100%;\r\n}\r\n\r\n.responsive-row {\r\n  display: table-row;\r\n}\r\n\r\n.responsive-cell {\r\n  display: table-cell;\r\n  padding: 8px;\r\n  border: 1px solid #ddd;\r\n  vertical-align: top;\r\n}\r\n.responsive-cell.title {\r\n    font-weight: bold;\r\n    background: #f5f5f5;\r\n  }\r\n  .responsive-table-2 {\r\n    display: none;\r\n  }\r\n\/* Mobil g\u00f6r\u00fcn\u00fcm *\/\r\n@media (max-width: 768px) {\r\n  .responsive-cell.title {\r\n    background: transparent;\r\n  }\r\n  .responsive-table {\r\n    display: none;\r\n  }\r\n  .responsive-table-2 {\r\n    display: block;\r\n  }\r\n  .responsive-row {\r\n    display: block;\r\n  }\r\n  .kurul-bilgi{\r\n      border: 1px solid #ddd;\r\n      margin-bottom: 10px\r\n  }\r\n  .responsive-row-2{\r\n      margin-bottom: 8px;\r\n  }\r\n  .responsive-cell {\r\n    display: block;\r\n    border: none;\r\n    padding: 3px 8px;\r\n  }\r\n  \r\n}\r\n<\/style>\r\n\r\n<div class=\"responsive-table\">\r\n  <div class=\"responsive-row\"><div class=\"responsive-cell title\">Ad\u0131 Soyad\u0131<\/div><div class=\"responsive-cell\">Cemal ERDO\u011eAN<\/div><\/div>\r\n  <div class=\"responsive-row responsive-row-2\"><div class=\"responsive-cell title\">G\u00f6revi<\/div><div class=\"responsive-cell\">Y\u00f6netim Kurulu Ba\u015fkan\u0131<\/div><\/div>\r\n\r\n  <div class=\"responsive-row\"><div class=\"responsive-cell title\">Ad\u0131 Soyad\u0131<\/div><div class=\"responsive-cell\">Musa YILMAZ<\/div><\/div>\r\n  <div class=\"responsive-row responsive-row-2\"><div class=\"responsive-cell title\">G\u00f6revi<\/div><div class=\"responsive-cell\">Y\u00f6netim Kurulu \u00dcyesi<\/div><\/div>\r\n\r\n  <div class=\"responsive-row\"><div class=\"responsive-cell title\">Ad\u0131 Soyad\u0131<\/div><div class=\"responsive-cell\">G\u00f6khan CELBEK<\/div><\/div>\r\n  <div class=\"responsive-row responsive-row-2\"><div class=\"responsive-cell title\">G\u00f6revi<\/div><div class=\"responsive-cell\">Y\u00f6netim Kurulu \u00dcyesi ve Genel M\u00fcd\u00fcr<\/div><\/div>\r\n\r\n  <div class=\"responsive-row\"><div class=\"responsive-cell title\">Ad\u0131 Soyad\u0131<\/div><div class=\"responsive-cell\">S\u0131tk\u0131can \u00d6ZK\u00d6SL\u00dc<\/div><\/div>\r\n  <div class=\"responsive-row responsive-row-2\"><div class=\"responsive-cell title\">G\u00f6revi<\/div><div class=\"responsive-cell\">Y\u00f6netim Kurulu \u00dcyesi<\/div><\/div>\r\n\r\n  <div class=\"responsive-row\"><div class=\"responsive-cell title\">Ad\u0131 Soyad\u0131<\/div><div class=\"responsive-cell\">Sel\u00e7uk KUZUCUO\u011eLU<\/div><\/div>\r\n  <div class=\"responsive-row responsive-row-2\"><div class=\"responsive-cell title\">G\u00f6revi<\/div><div class=\"responsive-cell\">Y\u00f6netim Kurulu \u00dcyesi<\/div><\/div>\r\n\r\n<\/div>\r\n\r\n<div class=\"responsive-table-2\">\r\n    <div class=\"kurul-bilgi\">\r\n  <div class=\"responsive-row\"><div class=\"responsive-cell title\">Ad\u0131 Soyad\u0131<\/div><div class=\"responsive-cell\">Cemal ERDO\u011eAN<\/div><\/div>\r\n  <div class=\"responsive-row responsive-row-2\"><div class=\"responsive-cell title\">G\u00f6revi<\/div><div class=\"responsive-cell\">Y\u00f6netim Kurulu Ba\u015fkan\u0131<\/div><\/div>\r\n<\/div>\r\n<div class=\"kurul-bilgi\">\r\n  <div class=\"responsive-row\"><div class=\"responsive-cell title\">Ad\u0131 Soyad\u0131<\/div><div class=\"responsive-cell\">Musa YILMAZ<\/div><\/div>\r\n  <div class=\"responsive-row responsive-row-2\"><div class=\"responsive-cell title\">G\u00f6revi<\/div><div class=\"responsive-cell\">Y\u00f6netim Kurulu \u00dcyesi<\/div><\/div>\r\n<\/div>\r\n<div class=\"kurul-bilgi\">\r\n  <div class=\"responsive-row\"><div class=\"responsive-cell title\">Ad\u0131 Soyad\u0131<\/div><div class=\"responsive-cell\">G\u00f6khan CELBEK<\/div><\/div>\r\n  <div class=\"responsive-row responsive-row-2\"><div class=\"responsive-cell title\">G\u00f6revi<\/div><div class=\"responsive-cell\">Y\u00f6netim Kurulu \u00dcyesi ve Genel M\u00fcd\u00fcr<\/div><\/div>\r\n<\/div>\r\n<div class=\"kurul-bilgi\">\r\n  <div class=\"responsive-row\"><div class=\"responsive-cell title\">Ad\u0131 Soyad\u0131<\/div><div class=\"responsive-cell\">S\u0131tk\u0131can \u00d6ZK\u00d6SL\u00dc<\/div><\/div>\r\n  <div class=\"responsive-row responsive-row-2\"><div class=\"responsive-cell title\">G\u00f6revi<\/div><div class=\"responsive-cell\">Y\u00f6netim Kurulu \u00dcyesi<\/div><\/div>\r\n<\/div>\r\n<div class=\"kurul-bilgi\">\r\n  <div class=\"responsive-row\"><div class=\"responsive-cell title\">Ad\u0131 Soyad\u0131<\/div><div class=\"responsive-cell\">Sel\u00e7uk KUZUCUO\u011eLU<\/div><\/div>\r\n  <div class=\"responsive-row responsive-row-2\"><div class=\"responsive-cell title\">G\u00f6revi<\/div><div class=\"responsive-cell\">Y\u00f6netim Kurulu \u00dcyesi<\/div><\/div>\r\n  <\/div>\r\n<\/div>\r\n            <\/div>\n        <\/div>\n        \t\t<\/div>\n\t\t\t\t<\/div>\n\t\t\t\t\t<\/div>\n\t\t<\/div>\n\t\t\t\t\t<\/div>\n\t\t<\/section>\n\t\t\t\t<\/div>\n\t\t","protected":false},"excerpt":{"rendered":"<p>Y\u00f6netim Kurulu Ad\u0131 Soyad\u0131Cemal ERDO\u011eAN G\u00f6reviY\u00f6netim Kurulu Ba\u015fkan\u0131 Ad\u0131 Soyad\u0131Musa YILMAZ G\u00f6reviY\u00f6netim Kurulu \u00dcyesi Ad\u0131 Soyad\u0131G\u00f6khan CELBEK G\u00f6reviY\u00f6netim Kurulu \u00dcyesi ve Genel M\u00fcd\u00fcr Ad\u0131 Soyad\u0131S\u0131tk\u0131can \u00d6ZK\u00d6SL\u00dc G\u00f6reviY\u00f6netim Kurulu \u00dcyesi Ad\u0131 Soyad\u0131Sel\u00e7uk KUZUCUO\u011eLU G\u00f6reviY\u00f6netim Kurulu \u00dcyesi Ad\u0131 Soyad\u0131Cemal ERDO\u011eAN G\u00f6reviY\u00f6netim Kurulu Ba\u015fkan\u0131 Ad\u0131 Soyad\u0131Musa YILMAZ G\u00f6reviY\u00f6netim Kurulu \u00dcyesi Ad\u0131 Soyad\u0131G\u00f6khan CELBEK G\u00f6reviY\u00f6netim Kurulu \u00dcyesi ve Genel [&hellip;]<\/p>\n","protected":false},"author":2,"featured_media":0,"parent":0,"menu_order":0,"comment_status":"closed","ping_status":"closed","template":"","meta":{"content-type":"","footnotes":""},"class_list":["post-13719","page","type-page","status-publish","hentry"],"_links":{"self":[{"href":"https:\/\/www.biosysmed.com\/tr\/wp-json\/wp\/v2\/pages\/13719"}],"collection":[{"href":"https:\/\/www.biosysmed.com\/tr\/wp-json\/wp\/v2\/pages"}],"about":[{"href":"https:\/\/www.biosysmed.com\/tr\/wp-json\/wp\/v2\/types\/page"}],"author":[{"embeddable":true,"href":"https:\/\/www.biosysmed.com\/tr\/wp-json\/wp\/v2\/users\/2"}],"replies":[{"embeddable":true,"href":"https:\/\/www.biosysmed.com\/tr\/wp-json\/wp\/v2\/comments?post=13719"}],"version-history":[{"count":40,"href":"https:\/\/www.biosysmed.com\/tr\/wp-json\/wp\/v2\/pages\/13719\/revisions"}],"predecessor-version":[{"id":13823,"href":"https:\/\/www.biosysmed.com\/tr\/wp-json\/wp\/v2\/pages\/13719\/revisions\/13823"}],"wp:attachment":[{"href":"https:\/\/www.biosysmed.com\/tr\/wp-json\/wp\/v2\/media?parent=13719"}],"curies":[{"name":"wp","href":"https:\/\/api.w.org\/{rel}","templated":true}]}}