{"id":7359,"date":"2023-12-19T12:26:53","date_gmt":"2023-12-19T12:26:53","guid":{"rendered":"https:\/\/www.biosysmed.com\/kariyer\/"},"modified":"2024-10-24T13:47:42","modified_gmt":"2024-10-24T13:47:42","slug":"kariyer","status":"publish","type":"page","link":"https:\/\/www.biosysmed.com\/tr\/kariyer\/","title":{"rendered":"Kariyer"},"content":{"rendered":"\t\t<div data-elementor-type=\"wp-page\" data-elementor-id=\"7359\" class=\"elementor elementor-7359\" data-elementor-post-type=\"page\">\n\t\t\t\t\t\t<section class=\"elementor-section elementor-top-section elementor-element elementor-element-76e67d0 elementor-section-stretched elementor-section-boxed elementor-section-height-default elementor-section-height-default\" data-id=\"76e67d0\" data-element_type=\"section\" data-settings=\"{&quot;stretch_section&quot;:&quot;section-stretched&quot;}\">\n\t\t\t\t\t\t<div class=\"elementor-container elementor-column-gap-default\">\n\t\t\t\t\t<div class=\"aux-parallax-section elementor-column elementor-col-50 elementor-top-column elementor-element elementor-element-19e3b14\" data-id=\"19e3b14\" data-element_type=\"column\">\n\t\t\t<div class=\"elementor-widget-wrap elementor-element-populated\">\n\t\t\t\t\t\t<div class=\"elementor-element elementor-element-ce3aef4 elementor-widget elementor-widget-spacer\" data-id=\"ce3aef4\" data-element_type=\"widget\" data-widget_type=\"spacer.default\">\n\t\t\t\t<div class=\"elementor-widget-container\">\n\t\t\t\t\t<div class=\"elementor-spacer\">\n\t\t\t<div class=\"elementor-spacer-inner\"><\/div>\n\t\t<\/div>\n\t\t\t\t<\/div>\n\t\t\t\t<\/div>\n\t\t\t\t<div class=\"elementor-element elementor-element-62bcbb6 elementor-widget elementor-widget-heading\" data-id=\"62bcbb6\" data-element_type=\"widget\" data-widget_type=\"heading.default\">\n\t\t\t\t<div class=\"elementor-widget-container\">\n\t\t\t<h1 class=\"elementor-heading-title elementor-size-default\">Kariyer<\/h1>\t\t<\/div>\n\t\t\t\t<\/div>\n\t\t\t\t<div class=\"elementor-element elementor-element-5ad613e elementor-widget elementor-widget-text-editor\" data-id=\"5ad613e\" data-element_type=\"widget\" data-widget_type=\"text-editor.default\">\n\t\t\t\t<div class=\"elementor-widget-container\">\n\t\t\t\t\t\t\t<div class=\"flex-1 overflow-hidden\"><div class=\"react-scroll-to-bottom--css-hucmm-79elbk h-full\"><div class=\"react-scroll-to-bottom--css-hucmm-1n7m0yu\"><div class=\"flex flex-col pb-9 text-sm\"><div class=\"w-full text-token-text-primary\" data-testid=\"conversation-turn-133\"><div class=\"px-4 py-2 justify-center text-base md:gap-6 m-auto\"><div class=\"flex flex-1 text-base mx-auto gap-3 md:px-5 lg:px-1 xl:px-5 md:max-w-3xl lg:max-w-[40rem] xl:max-w-[48rem] group final-completion\"><div class=\"relative flex w-full flex-col agent-turn\"><div class=\"flex-col gap-1 md:gap-3\"><div class=\"flex flex-grow flex-col max-w-full\"><div class=\"min-h-[20px] text-message flex flex-col items-start gap-3 whitespace-pre-wrap break-words [.text-message+&amp;]:mt-5 overflow-x-auto\" data-message-author-role=\"assistant\" data-message-id=\"469afdf3-254d-4d0b-a64f-3cb1064d53f5\"><div class=\"markdown prose w-full break-words dark:prose-invert dark\"><p>Dinamik, yenilik\u00e7i ve birbirine ba\u011fl\u0131 ekibimize kat\u0131lmak i\u00e7in kariyer sayfam\u0131z\u0131 takipte kal\u0131n.<\/p><\/div><\/div><\/div><\/div><\/div><\/div><\/div><\/div><\/div><\/div><\/div><\/div>\t\t\t\t\t\t<\/div>\n\t\t\t\t<\/div>\n\t\t\t\t\t<\/div>\n\t\t<\/div>\n\t\t\t\t<div class=\"aux-parallax-section elementor-column elementor-col-50 elementor-top-column elementor-element elementor-element-7658009\" data-id=\"7658009\" data-element_type=\"column\">\n\t\t\t<div class=\"elementor-widget-wrap elementor-element-populated\">\n\t\t\t\t\t\t<div class=\"elementor-element elementor-element-29762a0 elementor-widget elementor-widget-image\" data-id=\"29762a0\" data-element_type=\"widget\" data-widget_type=\"image.default\">\n\t\t\t\t<div class=\"elementor-widget-container\">\n\t\t\t\t\t\t\t\t\t\t\t\t\t<img fetchpriority=\"high\" decoding=\"async\" width=\"881\" height=\"821\" src=\"https:\/\/www.biosysmed.com\/wp-content\/uploads\/2023\/12\/CareerPageStock1.png\" class=\"attachment-full size-full wp-image-4033\" alt=\"career | biosys\" srcset=\"https:\/\/www.biosysmed.com\/wp-content\/uploads\/2023\/12\/CareerPageStock1.png 881w, https:\/\/www.biosysmed.com\/wp-content\/uploads\/2023\/12\/CareerPageStock1-200x186.png 200w\" sizes=\"(max-width: 881px) 100vw, 881px\" \/>\t\t\t\t\t\t\t\t\t\t\t\t\t<\/div>\n\t\t\t\t<\/div>\n\t\t\t\t\t<\/div>\n\t\t<\/div>\n\t\t\t\t\t<\/div>\n\t\t<\/section>\n\t\t\t\t<section class=\"elementor-section elementor-top-section elementor-element elementor-element-1c49175 elementor-section-stretched elementor-section-boxed elementor-section-height-default elementor-section-height-default\" data-id=\"1c49175\" data-element_type=\"section\" data-settings=\"{&quot;stretch_section&quot;:&quot;section-stretched&quot;}\">\n\t\t\t\t\t\t<div class=\"elementor-container elementor-column-gap-default\">\n\t\t\t\t\t<div class=\"aux-parallax-section elementor-column elementor-col-100 elementor-top-column elementor-element elementor-element-480b3e5\" data-id=\"480b3e5\" data-element_type=\"column\">\n\t\t\t<div class=\"elementor-widget-wrap elementor-element-populated\">\n\t\t\t\t\t\t<div class=\"elementor-element elementor-element-8f6b80b elementor-widget elementor-widget-heading\" data-id=\"8f6b80b\" data-element_type=\"widget\" data-widget_type=\"heading.default\">\n\t\t\t\t<div class=\"elementor-widget-container\">\n\t\t\t<h2 class=\"elementor-heading-title elementor-size-default\">A\u00e7\u0131k Pozisyonlar<\/h2>\t\t<\/div>\n\t\t\t\t<\/div>\n\t\t\t\t<div class=\"elementor-element elementor-element-1cbc535 elementor-widget elementor-widget-text-editor\" data-id=\"1cbc535\" data-element_type=\"widget\" data-widget_type=\"text-editor.default\">\n\t\t\t\t<div class=\"elementor-widget-container\">\n\t\t\t\t\t\t\t<div class=\"flex-1 overflow-hidden\"><div class=\"react-scroll-to-bottom--css-hucmm-79elbk h-full\"><div class=\"react-scroll-to-bottom--css-hucmm-1n7m0yu\"><div class=\"flex flex-col pb-9 text-sm\"><div class=\"w-full text-token-text-primary\" data-testid=\"conversation-turn-135\"><div class=\"px-4 py-2 justify-center text-base md:gap-6 m-auto\"><div class=\"flex flex-1 text-base mx-auto gap-3 md:px-5 lg:px-1 xl:px-5 md:max-w-3xl lg:max-w-[40rem] xl:max-w-[48rem] group final-completion\"><div class=\"relative flex w-full flex-col agent-turn\"><div class=\"flex-col gap-1 md:gap-3\"><div class=\"flex flex-grow flex-col max-w-full\"><div class=\"min-h-[20px] text-message flex flex-col items-start gap-3 whitespace-pre-wrap break-words [.text-message+&amp;]:mt-5 overflow-x-auto\" data-message-author-role=\"assistant\" data-message-id=\"40cd6c2c-1b63-4e30-bc81-aacde895cdd7\"><div class=\"markdown prose w-full break-words dark:prose-invert dark\"><p>Ekibimize Kat\u0131l\u0131n ve Gelece\u011fi \u015eekillendirin!<\/p><\/div><\/div><\/div><\/div><\/div><\/div><\/div><\/div><\/div><\/div><\/div><\/div>\t\t\t\t\t\t<\/div>\n\t\t\t\t<\/div>\n\t\t\t\t\t<\/div>\n\t\t<\/div>\n\t\t\t\t\t<\/div>\n\t\t<\/section>\n\t\t\t\t<section class=\"elementor-section elementor-top-section elementor-element elementor-element-f830a38 elementor-section-stretched elementor-section-boxed elementor-section-height-default elementor-section-height-default\" data-id=\"f830a38\" data-element_type=\"section\" data-settings=\"{&quot;stretch_section&quot;:&quot;section-stretched&quot;}\">\n\t\t\t\t\t\t<div class=\"elementor-container elementor-column-gap-default\">\n\t\t\t\t\t<div class=\"aux-parallax-section elementor-column elementor-col-100 elementor-top-column elementor-element elementor-element-ecdc31c\" data-id=\"ecdc31c\" data-element_type=\"column\">\n\t\t\t<div class=\"elementor-widget-wrap elementor-element-populated\">\n\t\t\t\t\t\t<div class=\"elementor-element elementor-element-51a2720 elementor-widget elementor-widget-premium-img-gallery\" data-id=\"51a2720\" data-element_type=\"widget\" data-settings=\"{&quot;premium_gallery_img_content&quot;:[{&quot;premium_gallery_img&quot;:{&quot;url&quot;:&quot;https:\\\/\\\/www.biosysmed.com\\\/wp-content\\\/uploads\\\/2024\\\/10\\\/ilan-genel.jpg&quot;,&quot;id&quot;:11591,&quot;size&quot;:&quot;&quot;,&quot;alt&quot;:&quot;&quot;,&quot;source&quot;:&quot;library&quot;},&quot;premium_gallery_img_link_switch&quot;:&quot;yes&quot;,&quot;premium_gallery_img_link&quot;:{&quot;url&quot;:&quot;#&quot;,&quot;is_external&quot;:&quot;&quot;,&quot;nofollow&quot;:&quot;&quot;,&quot;custom_attributes&quot;:&quot;&quot;},&quot;premium_gallery_img_alt&quot;:&quot;&quot;,&quot;premium_gallery_image_width&quot;:&quot;50%&quot;,&quot;premium_gallery_image_width_tablet&quot;:&quot;100%&quot;,&quot;premium_gallery_image_width_mobile&quot;:&quot;100%&quot;,&quot;_id&quot;:&quot;f37090a&quot;,&quot;premium_gallery_image_vcell&quot;:{&quot;unit&quot;:&quot;px&quot;,&quot;size&quot;:2,&quot;sizes&quot;:[]},&quot;premium_gallery_img_category&quot;:&quot;Sales &amp; Marketing&quot;,&quot;premium_gallery_image_cell&quot;:{&quot;unit&quot;:&quot;px&quot;,&quot;size&quot;:4,&quot;sizes&quot;:[]},&quot;premium_gallery_image_cell_tablet&quot;:{&quot;unit&quot;:&quot;px&quot;,&quot;size&quot;:&quot;&quot;,&quot;sizes&quot;:[]},&quot;premium_gallery_image_cell_mobile&quot;:{&quot;unit&quot;:&quot;px&quot;,&quot;size&quot;:&quot;&quot;,&quot;sizes&quot;:[]},&quot;premium_gallery_image_vcell_tablet&quot;:{&quot;unit&quot;:&quot;px&quot;,&quot;size&quot;:&quot;&quot;,&quot;sizes&quot;:[]},&quot;premium_gallery_image_vcell_mobile&quot;:{&quot;unit&quot;:&quot;px&quot;,&quot;size&quot;:&quot;&quot;,&quot;sizes&quot;:[]},&quot;premium_gallery_video&quot;:&quot;&quot;,&quot;premium_gallery_video_type&quot;:null,&quot;premium_gallery_video_url&quot;:null,&quot;premium_gallery_video_self&quot;:null,&quot;premium_gallery_video_self_url&quot;:null,&quot;premium_gallery_video_controls&quot;:null,&quot;premium_gallery_video_mute&quot;:null,&quot;premium_gallery_video_loop&quot;:null,&quot;download_button&quot;:null,&quot;privacy_mode&quot;:null,&quot;premmium_gallery_img_info&quot;:&quot;&quot;,&quot;premium_gallery_img_name&quot;:&quot;&quot;,&quot;premium_gallery_img_desc&quot;:&quot;&quot;,&quot;premium_gallery_img_link_type&quot;:&quot;url&quot;,&quot;premium_gallery_img_existing&quot;:null,&quot;premium_gallery_link_whole&quot;:&quot;&quot;,&quot;premium_gallery_lightbox_whole&quot;:&quot;&quot;}]}\" data-widget_type=\"premium-img-gallery.default\">\n\t\t\t\t<div class=\"elementor-widget-container\">\n\t\t\t\r\n\t<div id=\"premium-img-gallery-51a2720\" class=\"elementor-invisible premium-img-gallery premium-img-gallery-fitRows zoomin premium-gallery-icon-show\">\r\n\t\t\r\n\t\t<div class=\"premium-img-gallery-filter\">\r\n\t\t\t<ul class=\"premium-gallery-cats-container\">\r\n\t\t\t\t\t\t\t\t\t<li>\r\n\t\t\t\t\t\t<a href=\"javascript:;\" class=\"category active\" data-filter=\"*\">\r\n\t\t\t\t\t\t\tHepsi\t\t\t\t\t\t<\/a>\r\n\t\t\t\t\t<\/li>\r\n\t\t\t\t\t\t\t\t\t\t\t<li>\r\n\t\t\t\t\t\t\t<a href=\"javascript:;\" class=\"category elementor-repeater-item-b612d8f\" data-filter=\".y\u00f6netici-pozisyonlar\u0131\">\r\n\t\t\t\t\t\t\t\tY\u00f6netici Pozisyonlar\u0131\t\t\t\t\t\t\t<\/a>\r\n\t\t\t\t\t\t<\/li>\r\n\t\t\t\t\t\t\t\t\t\t\t\t<li>\r\n\t\t\t\t\t\t\t<a href=\"javascript:;\" class=\"category elementor-repeater-item-7cc8b90\" data-filter=\".m\u00fchendislik\">\r\n\t\t\t\t\t\t\t\tM\u00fchendislik\t\t\t\t\t\t\t<\/a>\r\n\t\t\t\t\t\t<\/li>\r\n\t\t\t\t\t\t\t\t\t\t\t\t<li>\r\n\t\t\t\t\t\t\t<a href=\"javascript:;\" class=\"category elementor-repeater-item-1e23727\" data-filter=\".sat\u0131\u015f---pazarlama\">\r\n\t\t\t\t\t\t\t\tSat\u0131\u015f &amp; Pazarlama\t\t\t\t\t\t\t<\/a>\r\n\t\t\t\t\t\t<\/li>\r\n\t\t\t\t\t\t\t\t\t\t\t\t<li>\r\n\t\t\t\t\t\t\t<a href=\"javascript:;\" class=\"category elementor-repeater-item-7024d07\" data-filter=\".teknik-servis\">\r\n\t\t\t\t\t\t\t\tTeknik Servis\t\t\t\t\t\t\t<\/a>\r\n\t\t\t\t\t\t<\/li>\r\n\t\t\t\t\t\t\t\t\t\t\t\t<li>\r\n\t\t\t\t\t\t\t<a href=\"javascript:;\" class=\"category elementor-repeater-item-da8784b\" data-filter=\".ar-ge\">\r\n\t\t\t\t\t\t\t\tAR-GE\t\t\t\t\t\t\t<\/a>\r\n\t\t\t\t\t\t<\/li>\r\n\t\t\t\t\t\t\t\t\t\t\t\t<li>\r\n\t\t\t\t\t\t\t<a href=\"javascript:;\" class=\"category elementor-repeater-item-279d091\" data-filter=\".\u00fcr\u00fcn-sorumlusu\">\r\n\t\t\t\t\t\t\t\t\u00dcr\u00fcn Sorumlusu\t\t\t\t\t\t\t<\/a>\r\n\t\t\t\t\t\t<\/li>\r\n\t\t\t\t\t\t\t\t\t\t\t\t<li>\r\n\t\t\t\t\t\t\t<a href=\"javascript:;\" class=\"category elementor-repeater-item-41f517a\" data-filter=\".genel\">\r\n\t\t\t\t\t\t\t\tGenel\t\t\t\t\t\t\t<\/a>\r\n\t\t\t\t\t\t<\/li>\r\n\t\t\t\t\t\t\t\t\t<\/ul>\r\n\t\t<\/div>\r\n\r\n\t\t\r\n\t\t<div class=\"premium-gallery-container\" data-settings=\"{&quot;img_size&quot;:&quot;fitRows&quot;,&quot;filter&quot;:&quot;yes&quot;,&quot;theme&quot;:null,&quot;active_cat&quot;:&quot;*&quot;,&quot;ltr_mode&quot;:true,&quot;shuffle&quot;:false,&quot;sort_by&quot;:&quot;original-order&quot;,&quot;skin&quot;:&quot;default&quot;,&quot;flag&quot;:&quot;cat&quot;,&quot;load_more&quot;:true,&quot;minimum&quot;:6,&quot;click_images&quot;:6,&quot;light_box&quot;:&quot;yes&quot;,&quot;lightbox_type&quot;:&quot;yes&quot;,&quot;overlay&quot;:false}\">\r\n\r\n\t\t\t\t\t\t\t<div class=\"premium-gallery-item elementor-repeater-item-f37090a sales---marketing\">\r\n\t\t\t\t<div class=\"pa-gallery-img default\" onclick=\"\">\r\n\t\t\t\t\t<div class=\"pa-gallery-img-container\">\r\n\t\t\t\t\t\t\t\t<img decoding=\"async\" width=\"1752\" height=\"634\" src=\"https:\/\/www.biosysmed.com\/wp-content\/uploads\/2024\/10\/ilan-genel.jpg\" class=\"attachment-full size-full wp-image-11591\" alt=\"\" srcset=\"https:\/\/www.biosysmed.com\/wp-content\/uploads\/2024\/10\/ilan-genel.jpg 1752w, https:\/\/www.biosysmed.com\/wp-content\/uploads\/2024\/10\/ilan-genel-1536x556.jpg 1536w, https:\/\/www.biosysmed.com\/wp-content\/uploads\/2024\/10\/ilan-genel-200x72.jpg 200w\" \/>\t\t\t\t\t\t\t<\/div>\r\n\t\t\t\t\t\t\t\t\t\t\t\t<div class=\"pa-gallery-icons-wrapper\">\r\n\t\t\t\t\t\t\t\t<div class=\"pa-gallery-icons-inner-container\">\r\n\t\t\t\t\t\t\t\t\t\r\n\t\t\t\t\t<a class=\"pa-gallery-magnific-image\" href=\"https:\/\/www.biosysmed.com\/wp-content\/uploads\/2024\/10\/ilan-genel.jpg\" data-elementor-open-lightbox=\"yes\" data-elementor-lightbox-slideshow=\"\" data-elementor-lightbox-title=\"ilan-genel\">\r\n\t\t\t\t\t\t<span>\r\n\t\t\t\t\t\t\t<i aria-hidden=\"true\" class=\"fas fa-search\"><\/i>\t\t\t\t\t\t<\/span>\r\n\t\t\t\t\t<\/a>\r\n\t\t\t\t\t\t\t\t\t<a class=\"pa-gallery-img-link\" href=\"#\">\r\n\t\t\t\t\t\t<span>\r\n\t\t\t\t\t\t\t<i aria-hidden=\"true\" class=\"fas fa-link\"><\/i>\t\t\t\t\t\t<\/span>\r\n\t\t\t\t\t<\/a>\r\n\t\t\t\t\t\t\t\t\t\t\t\t\t<\/div>\r\n\t\t\t\t\t\t\t<\/div>\r\n\t\t\t\t\t\t\t\t\t\t\t<\/div>\r\n\t\t\t<\/div>\r\n\t\t\t\r\n\t\t\t\t\t<\/div>\r\n\r\n\t\t\t\t\t<div class=\"premium-gallery-load-more premium-gallery-btn-hidden\">\r\n\t\t\t\t<button class=\"premium-gallery-load-more-btn\">\r\n\t\t\t\t\tLoad More\t\t\t\t\t<div class=\"premium-loader\"><\/div>\r\n\t\t\t\t<\/button>\r\n\t\t\t<\/div>\r\n\t\t\r\n\t<\/div>\r\n\r\n\t\t\r\n\t\t\r\n\t\t\t\t<\/div>\n\t\t\t\t<\/div>\n\t\t\t\t<div class=\"elementor-element elementor-element-9a9908c elementor-widget elementor-widget-heading\" data-id=\"9a9908c\" data-element_type=\"widget\" data-widget_type=\"heading.default\">\n\t\t\t\t<div class=\"elementor-widget-container\">\n\t\t\t<h2 class=\"elementor-heading-title elementor-size-default\">Kariyer Anlay\u0131\u015f\u0131<\/h2>\t\t<\/div>\n\t\t\t\t<\/div>\n\t\t\t\t<div class=\"elementor-element elementor-element-4a40576 elementor-widget elementor-widget-text-editor\" data-id=\"4a40576\" data-element_type=\"widget\" data-widget_type=\"text-editor.default\">\n\t\t\t\t<div class=\"elementor-widget-container\">\n\t\t\t\t\t\t\t<p>Biosys, sa\u011fl\u0131k sekt\u00f6r\u00fcnde d\u00fcnya lideri olacak t\u0131bbi teknolojileri \u00fcretme vizyonunda kararl\u0131 ad\u0131mlar atan, biyomedikal cihazlar tasarlayan ve \u00fcreten bir markad\u0131r. Biosys olarak, \u00e7al\u0131\u015fanlar\u0131m\u0131z\u0131 s\u0131n\u0131rlar\u0131 zorlamaya ve bu d\u00fc\u015f\u00fcnceleri ger\u00e7e\u011fe d\u00f6n\u00fc\u015ft\u00fcrmeye te\u015fvik ediyoruz. Ayr\u0131ca, hem ki\u015fisel hem de profesyonel olarak her alanda kendinizi geli\u015ftirebilece\u011finiz bir ortam olu\u015fturmay\u0131 hedefliyoruz. Her fikrin benzersizli\u011finin fark\u0131nday\u0131z ve fikirlerin olu\u015fturulmas\u0131ndan uygulanmas\u0131na kadar her a\u015famada her fikri destekliyoruz.<\/p>\t\t\t\t\t\t<\/div>\n\t\t\t\t<\/div>\n\t\t\t\t\t<\/div>\n\t\t<\/div>\n\t\t\t\t\t<\/div>\n\t\t<\/section>\n\t\t\t\t<section class=\"elementor-section elementor-top-section elementor-element elementor-element-43d9d27 elementor-section-full_width elementor-section-height-min-height elementor-section-stretched elementor-section-height-default elementor-section-items-middle\" data-id=\"43d9d27\" data-element_type=\"section\" data-settings=\"{&quot;stretch_section&quot;:&quot;section-stretched&quot;}\">\n\t\t\t\t\t\t<div class=\"elementor-container elementor-column-gap-no\">\n\t\t\t\t\t<div class=\"aux-parallax-section elementor-column elementor-col-100 elementor-top-column elementor-element elementor-element-4e86da3\" data-id=\"4e86da3\" data-element_type=\"column\">\n\t\t\t<div class=\"elementor-widget-wrap elementor-element-populated\">\n\t\t\t\t\t\t<div class=\"elementor-element elementor-element-dd46168 elementor-widget elementor-widget-image\" data-id=\"dd46168\" data-element_type=\"widget\" data-widget_type=\"image.default\">\n\t\t\t\t<div class=\"elementor-widget-container\">\n\t\t\t\t\t\t\t\t\t\t\t\t\t<img decoding=\"async\" width=\"1920\" height=\"1194\" src=\"https:\/\/www.biosysmed.com\/wp-content\/uploads\/2023\/12\/careerpage12.png\" class=\"attachment-full size-full wp-image-4474\" alt=\"career | biosys\" srcset=\"https:\/\/www.biosysmed.com\/wp-content\/uploads\/2023\/12\/careerpage12.png 1920w, https:\/\/www.biosysmed.com\/wp-content\/uploads\/2023\/12\/careerpage12-1536x955.png 1536w, https:\/\/www.biosysmed.com\/wp-content\/uploads\/2023\/12\/careerpage12-200x124.png 200w\" sizes=\"(max-width: 1920px) 100vw, 1920px\" \/>\t\t\t\t\t\t\t\t\t\t\t\t\t<\/div>\n\t\t\t\t<\/div>\n\t\t\t\t\t<\/div>\n\t\t<\/div>\n\t\t\t\t\t<\/div>\n\t\t<\/section>\n\t\t\t\t<\/div>\n\t\t","protected":false},"excerpt":{"rendered":"<p>Kariyer Dinamik, yenilik\u00e7i ve birbirine ba\u011fl\u0131 ekibimize kat\u0131lmak i\u00e7in kariyer sayfam\u0131z\u0131 takipte kal\u0131n. A\u00e7\u0131k Pozisyonlar Ekibimize Kat\u0131l\u0131n ve Gelece\u011fi \u015eekillendirin! Hepsi Y\u00f6netici Pozisyonlar\u0131 M\u00fchendislik Sat\u0131\u015f &amp; Pazarlama Teknik Servis AR-GE \u00dcr\u00fcn Sorumlusu Genel Load More Kariyer Anlay\u0131\u015f\u0131 Biosys, sa\u011fl\u0131k sekt\u00f6r\u00fcnde d\u00fcnya lideri olacak t\u0131bbi teknolojileri \u00fcretme vizyonunda kararl\u0131 ad\u0131mlar atan, biyomedikal cihazlar tasarlayan ve \u00fcreten [&hellip;]<\/p>\n","protected":false},"author":1,"featured_media":0,"parent":0,"menu_order":0,"comment_status":"closed","ping_status":"closed","template":"","meta":{"content-type":"","footnotes":""},"class_list":["post-7359","page","type-page","status-publish","hentry"],"_links":{"self":[{"href":"https:\/\/www.biosysmed.com\/tr\/wp-json\/wp\/v2\/pages\/7359"}],"collection":[{"href":"https:\/\/www.biosysmed.com\/tr\/wp-json\/wp\/v2\/pages"}],"about":[{"href":"https:\/\/www.biosysmed.com\/tr\/wp-json\/wp\/v2\/types\/page"}],"author":[{"embeddable":true,"href":"https:\/\/www.biosysmed.com\/tr\/wp-json\/wp\/v2\/users\/1"}],"replies":[{"embeddable":true,"href":"https:\/\/www.biosysmed.com\/tr\/wp-json\/wp\/v2\/comments?post=7359"}],"version-history":[{"count":16,"href":"https:\/\/www.biosysmed.com\/tr\/wp-json\/wp\/v2\/pages\/7359\/revisions"}],"predecessor-version":[{"id":11599,"href":"https:\/\/www.biosysmed.com\/tr\/wp-json\/wp\/v2\/pages\/7359\/revisions\/11599"}],"wp:attachment":[{"href":"https:\/\/www.biosysmed.com\/tr\/wp-json\/wp\/v2\/media?parent=7359"}],"curies":[{"name":"wp","href":"https:\/\/api.w.org\/{rel}","templated":true}]}}