{"id":7495,"date":"2023-12-19T13:27:37","date_gmt":"2023-12-19T13:27:37","guid":{"rendered":"https:\/\/www.biosysmed.com\/obogs\/"},"modified":"2024-04-19T07:35:01","modified_gmt":"2024-04-19T07:35:01","slug":"obogs","status":"publish","type":"page","link":"https:\/\/www.biosysmed.com\/tr\/obogs\/","title":{"rendered":"OBOGS"},"content":{"rendered":"\t\t<div data-elementor-type=\"wp-page\" data-elementor-id=\"7495\" class=\"elementor elementor-7495 elementor-4065\" data-elementor-post-type=\"page\">\n\t\t\t\t\t\t<section class=\"elementor-section elementor-top-section elementor-element elementor-element-6bcc2a3 elementor-section-boxed elementor-section-height-default elementor-section-height-default\" data-id=\"6bcc2a3\" data-element_type=\"section\">\n\t\t\t\t\t\t<div class=\"elementor-container elementor-column-gap-default\">\n\t\t\t\t\t<div class=\"aux-parallax-section elementor-column elementor-col-100 elementor-top-column elementor-element elementor-element-682e9c9\" data-id=\"682e9c9\" data-element_type=\"column\">\n\t\t\t<div class=\"elementor-widget-wrap elementor-element-populated\">\n\t\t\t\t\t\t<div class=\"elementor-element elementor-element-5c123eb elementor-widget elementor-widget-spacer\" data-id=\"5c123eb\" data-element_type=\"widget\" data-widget_type=\"spacer.default\">\n\t\t\t\t<div class=\"elementor-widget-container\">\n\t\t\t\t\t<div class=\"elementor-spacer\">\n\t\t\t<div class=\"elementor-spacer-inner\"><\/div>\n\t\t<\/div>\n\t\t\t\t<\/div>\n\t\t\t\t<\/div>\n\t\t\t\t\t<\/div>\n\t\t<\/div>\n\t\t\t\t\t<\/div>\n\t\t<\/section>\n\t\t\t\t<section class=\"elementor-section elementor-top-section elementor-element elementor-element-17187b8 elementor-section-stretched elementor-section-boxed elementor-section-height-default elementor-section-height-default\" data-id=\"17187b8\" data-element_type=\"section\" data-settings=\"{&quot;stretch_section&quot;:&quot;section-stretched&quot;}\">\n\t\t\t\t\t\t<div class=\"elementor-container elementor-column-gap-default\">\n\t\t\t\t\t<div class=\"aux-parallax-section elementor-column elementor-col-50 elementor-top-column elementor-element elementor-element-db477f9\" data-id=\"db477f9\" data-element_type=\"column\">\n\t\t\t<div class=\"elementor-widget-wrap elementor-element-populated\">\n\t\t\t\t\t\t<div class=\"elementor-element elementor-element-2d265fc elementor-widget elementor-widget-heading\" data-id=\"2d265fc\" data-element_type=\"widget\" data-widget_type=\"heading.default\">\n\t\t\t\t<div class=\"elementor-widget-container\">\n\t\t\t<h2 class=\"elementor-heading-title elementor-size-default\">OBOGS<\/h2>\t\t<\/div>\n\t\t\t\t<\/div>\n\t\t\t\t<div class=\"elementor-element elementor-element-c63b6a6 elementor-widget elementor-widget-heading\" data-id=\"c63b6a6\" data-element_type=\"widget\" data-widget_type=\"heading.default\">\n\t\t\t\t<div class=\"elementor-widget-container\">\n\t\t\t<h2 class=\"elementor-heading-title elementor-size-default\">Kabin \u0130\u00e7i Oksijen \u00dcretim Sistemi<\/h2>\t\t<\/div>\n\t\t\t\t<\/div>\n\t\t\t\t<div class=\"elementor-element elementor-element-344769e elementor-widget elementor-widget-heading\" data-id=\"344769e\" data-element_type=\"widget\" data-widget_type=\"heading.default\">\n\t\t\t\t<div class=\"elementor-widget-container\">\n\t\t\t<h2 class=\"elementor-heading-title elementor-size-default\">G\u00f6ky\u00fcz\u00fcndeki Yerli Solunum Teknolojisi\n<\/h2>\t\t<\/div>\n\t\t\t\t<\/div>\n\t\t\t\t<div class=\"elementor-element elementor-element-88f7a6c elementor-widget elementor-widget-text-editor\" data-id=\"88f7a6c\" data-element_type=\"widget\" data-widget_type=\"text-editor.default\">\n\t\t\t\t<div class=\"elementor-widget-container\">\n\t\t\t\t\t\t\t<p>Geli\u015ftirmekte oldu\u011fumuz OBOGS sistemi, sava\u015f u\u00e7a\u011f\u0131n\u0131n u\u00e7u\u015f s\u0131ras\u0131nda kendi oksijenini \u00fcretmesini sa\u011flayan bir sistemdir. Sistem, molek\u00fcler s\u00fczge\u00e7 olarak i\u015flev g\u00f6ren Zeolit malzemesi arac\u0131l\u0131\u011f\u0131yla, i\u00e7inden ge\u00e7en nitrojen gaz\u0131n\u0131 tutarak oksijen konsantrasyonunu artt\u0131r\u0131r.<\/p>\t\t\t\t\t\t<\/div>\n\t\t\t\t<\/div>\n\t\t\t\t<section class=\"elementor-section elementor-inner-section elementor-element elementor-element-3f6dfc6 elementor-section-boxed elementor-section-height-default elementor-section-height-default\" data-id=\"3f6dfc6\" data-element_type=\"section\">\n\t\t\t\t\t\t<div class=\"elementor-container elementor-column-gap-default\">\n\t\t\t\t\t<div class=\"aux-parallax-section elementor-column elementor-col-25 elementor-inner-column elementor-element elementor-element-fc799ef\" data-id=\"fc799ef\" data-element_type=\"column\">\n\t\t\t<div class=\"elementor-widget-wrap elementor-element-populated\">\n\t\t\t\t\t\t<div class=\"elementor-element elementor-element-576c241 elementor-widget elementor-widget-button\" data-id=\"576c241\" data-element_type=\"widget\" data-widget_type=\"button.default\">\n\t\t\t\t<div class=\"elementor-widget-container\">\n\t\t\t\t\t\t\t<div class=\"elementor-button-wrapper\">\n\t\t\t\t\t<a class=\"elementor-button elementor-button-link elementor-size-sm\" href=\"https:\/\/www.biosysmed.com\/tr\/teknik-servis\/\">\n\t\t\t\t\t\t<span class=\"elementor-button-content-wrapper\">\n\t\t\t\t\t\t\t\t\t<span class=\"elementor-button-text\">Destek<\/span>\n\t\t\t\t\t<\/span>\n\t\t\t\t\t<\/a>\n\t\t\t\t<\/div>\n\t\t\t\t\t\t<\/div>\n\t\t\t\t<\/div>\n\t\t\t\t\t<\/div>\n\t\t<\/div>\n\t\t\t\t<div class=\"aux-parallax-section elementor-column elementor-col-25 elementor-inner-column elementor-element elementor-element-1e94ac8\" data-id=\"1e94ac8\" data-element_type=\"column\">\n\t\t\t<div class=\"elementor-widget-wrap elementor-element-populated\">\n\t\t\t\t\t\t<div class=\"elementor-element elementor-element-868f769 elementor-widget elementor-widget-button\" data-id=\"868f769\" data-element_type=\"widget\" data-widget_type=\"button.default\">\n\t\t\t\t<div class=\"elementor-widget-container\">\n\t\t\t\t\t\t\t<div class=\"elementor-button-wrapper\">\n\t\t\t\t\t<a class=\"elementor-button elementor-button-link elementor-size-sm\" href=\"https:\/\/www.biosysmed.com\/tr\/akademi\/\">\n\t\t\t\t\t\t<span class=\"elementor-button-content-wrapper\">\n\t\t\t\t\t\t\t\t\t<span class=\"elementor-button-text\">Akademi<\/span>\n\t\t\t\t\t<\/span>\n\t\t\t\t\t<\/a>\n\t\t\t\t<\/div>\n\t\t\t\t\t\t<\/div>\n\t\t\t\t<\/div>\n\t\t\t\t\t<\/div>\n\t\t<\/div>\n\t\t\t\t<div class=\"aux-parallax-section elementor-column elementor-col-25 elementor-inner-column elementor-element elementor-element-ae36c0a\" data-id=\"ae36c0a\" data-element_type=\"column\">\n\t\t\t<div class=\"elementor-widget-wrap elementor-element-populated\">\n\t\t\t\t\t\t<div class=\"elementor-element elementor-element-f50ac24 elementor-widget elementor-widget-button\" data-id=\"f50ac24\" data-element_type=\"widget\" data-widget_type=\"button.default\">\n\t\t\t\t<div class=\"elementor-widget-container\">\n\t\t\t\t\t\t\t<div class=\"elementor-button-wrapper\">\n\t\t\t\t\t<a class=\"elementor-button elementor-button-link elementor-size-sm\" href=\"#\">\n\t\t\t\t\t\t<span class=\"elementor-button-content-wrapper\">\n\t\t\t\t\t\t\t\t\t<span class=\"elementor-button-text\">Katalog<\/span>\n\t\t\t\t\t<\/span>\n\t\t\t\t\t<\/a>\n\t\t\t\t<\/div>\n\t\t\t\t\t\t<\/div>\n\t\t\t\t<\/div>\n\t\t\t\t\t<\/div>\n\t\t<\/div>\n\t\t\t\t<div class=\"aux-parallax-section elementor-column elementor-col-25 elementor-inner-column elementor-element elementor-element-f7e44a1\" data-id=\"f7e44a1\" data-element_type=\"column\">\n\t\t\t<div class=\"elementor-widget-wrap elementor-element-populated\">\n\t\t\t\t\t\t<div class=\"elementor-element elementor-element-e464a63 elementor-widget elementor-widget-button\" data-id=\"e464a63\" data-element_type=\"widget\" data-widget_type=\"button.default\">\n\t\t\t\t<div class=\"elementor-widget-container\">\n\t\t\t\t\t\t\t<div class=\"elementor-button-wrapper\">\n\t\t\t\t\t<a class=\"elementor-button elementor-button-link elementor-size-sm\" href=\"#\">\n\t\t\t\t\t\t<span class=\"elementor-button-content-wrapper\">\n\t\t\t\t\t\t\t\t\t<span class=\"elementor-button-text\">Bro\u015f\u00fcr<\/span>\n\t\t\t\t\t<\/span>\n\t\t\t\t\t<\/a>\n\t\t\t\t<\/div>\n\t\t\t\t\t\t<\/div>\n\t\t\t\t<\/div>\n\t\t\t\t\t<\/div>\n\t\t<\/div>\n\t\t\t\t\t<\/div>\n\t\t<\/section>\n\t\t\t\t<section class=\"elementor-section elementor-inner-section elementor-element elementor-element-560c66e elementor-section-boxed elementor-section-height-default elementor-section-height-default\" data-id=\"560c66e\" data-element_type=\"section\">\n\t\t\t\t\t\t<div class=\"elementor-container elementor-column-gap-default\">\n\t\t\t\t\t<div class=\"aux-parallax-section elementor-column elementor-col-50 elementor-inner-column elementor-element elementor-element-c27dd18\" data-id=\"c27dd18\" data-element_type=\"column\">\n\t\t\t<div class=\"elementor-widget-wrap\">\n\t\t\t\t\t\t\t<\/div>\n\t\t<\/div>\n\t\t\t\t<div class=\"aux-parallax-section elementor-column elementor-col-50 elementor-inner-column elementor-element elementor-element-f0c356c\" data-id=\"f0c356c\" data-element_type=\"column\">\n\t\t\t<div class=\"elementor-widget-wrap\">\n\t\t\t\t\t\t\t<\/div>\n\t\t<\/div>\n\t\t\t\t\t<\/div>\n\t\t<\/section>\n\t\t\t\t<section class=\"elementor-section elementor-inner-section elementor-element elementor-element-9e4bec8 elementor-section-boxed elementor-section-height-default elementor-section-height-default\" data-id=\"9e4bec8\" data-element_type=\"section\">\n\t\t\t\t\t\t<div class=\"elementor-container elementor-column-gap-default\">\n\t\t\t\t\t<div class=\"aux-parallax-section elementor-column elementor-col-50 elementor-inner-column elementor-element elementor-element-1df0a69\" data-id=\"1df0a69\" data-element_type=\"column\">\n\t\t\t<div class=\"elementor-widget-wrap\">\n\t\t\t\t\t\t\t<\/div>\n\t\t<\/div>\n\t\t\t\t<div class=\"aux-parallax-section elementor-column elementor-col-50 elementor-inner-column elementor-element elementor-element-4e54433\" data-id=\"4e54433\" data-element_type=\"column\">\n\t\t\t<div class=\"elementor-widget-wrap\">\n\t\t\t\t\t\t\t<\/div>\n\t\t<\/div>\n\t\t\t\t\t<\/div>\n\t\t<\/section>\n\t\t\t\t\t<\/div>\n\t\t<\/div>\n\t\t\t\t<div class=\"aux-parallax-section elementor-column elementor-col-50 elementor-top-column elementor-element elementor-element-5d4fb02\" data-id=\"5d4fb02\" data-element_type=\"column\">\n\t\t\t<div class=\"elementor-widget-wrap elementor-element-populated\">\n\t\t\t\t\t\t<div class=\"elementor-element elementor-element-a1b7049 elementor-widget elementor-widget-spacer\" data-id=\"a1b7049\" data-element_type=\"widget\" data-widget_type=\"spacer.default\">\n\t\t\t\t<div class=\"elementor-widget-container\">\n\t\t\t\t\t<div class=\"elementor-spacer\">\n\t\t\t<div class=\"elementor-spacer-inner\"><\/div>\n\t\t<\/div>\n\t\t\t\t<\/div>\n\t\t\t\t<\/div>\n\t\t\t\t<div class=\"elementor-element elementor-element-3a8e3dd elementor-widget elementor-widget-image\" data-id=\"3a8e3dd\" data-element_type=\"widget\" data-widget_type=\"image.default\">\n\t\t\t\t<div class=\"elementor-widget-container\">\n\t\t\t\t\t\t\t\t\t\t\t\t\t<img fetchpriority=\"high\" decoding=\"async\" width=\"4288\" height=\"2848\" src=\"https:\/\/www.biosysmed.com\/wp-content\/uploads\/2023\/12\/Obogs-Product-Stock1.png\" class=\"attachment-full size-full wp-image-4067\" alt=\"OBOGS\" srcset=\"https:\/\/www.biosysmed.com\/wp-content\/uploads\/2023\/12\/Obogs-Product-Stock1.png 4288w, https:\/\/www.biosysmed.com\/wp-content\/uploads\/2023\/12\/Obogs-Product-Stock1-1536x1020.png 1536w, https:\/\/www.biosysmed.com\/wp-content\/uploads\/2023\/12\/Obogs-Product-Stock1-2048x1360.png 2048w, https:\/\/www.biosysmed.com\/wp-content\/uploads\/2023\/12\/Obogs-Product-Stock1-200x133.png 200w\" sizes=\"(max-width: 4288px) 100vw, 4288px\" \/>\t\t\t\t\t\t\t\t\t\t\t\t\t<\/div>\n\t\t\t\t<\/div>\n\t\t\t\t<div class=\"elementor-element elementor-element-fe661d8 elementor-widget elementor-widget-image\" data-id=\"fe661d8\" data-element_type=\"widget\" data-widget_type=\"image.default\">\n\t\t\t\t<div class=\"elementor-widget-container\">\n\t\t\t\t\t\t\t\t\t\t\t\t\t<img decoding=\"async\" width=\"529\" height=\"531\" src=\"https:\/\/www.biosysmed.com\/wp-content\/uploads\/2023\/12\/Obogs-Product-Stock2.png\" class=\"attachment-full size-full wp-image-4068\" alt=\"OBOGS\" srcset=\"https:\/\/www.biosysmed.com\/wp-content\/uploads\/2023\/12\/Obogs-Product-Stock2.png 529w, https:\/\/www.biosysmed.com\/wp-content\/uploads\/2023\/12\/Obogs-Product-Stock2-300x300.png 300w, https:\/\/www.biosysmed.com\/wp-content\/uploads\/2023\/12\/Obogs-Product-Stock2-150x150.png 150w, https:\/\/www.biosysmed.com\/wp-content\/uploads\/2023\/12\/Obogs-Product-Stock2-200x201.png 200w\" sizes=\"(max-width: 529px) 100vw, 529px\" \/>\t\t\t\t\t\t\t\t\t\t\t\t\t<\/div>\n\t\t\t\t<\/div>\n\t\t\t\t\t<\/div>\n\t\t<\/div>\n\t\t\t\t\t<\/div>\n\t\t<\/section>\n\t\t\t\t<section class=\"elementor-section elementor-top-section elementor-element elementor-element-2e0ab7e elementor-section-stretched elementor-section-boxed elementor-section-height-default elementor-section-height-default\" data-id=\"2e0ab7e\" data-element_type=\"section\" data-settings=\"{&quot;stretch_section&quot;:&quot;section-stretched&quot;}\">\n\t\t\t\t\t\t<div class=\"elementor-container elementor-column-gap-default\">\n\t\t\t\t\t<div class=\"aux-parallax-section elementor-column elementor-col-100 elementor-top-column elementor-element elementor-element-dade523\" data-id=\"dade523\" data-element_type=\"column\">\n\t\t\t<div class=\"elementor-widget-wrap elementor-element-populated\">\n\t\t\t\t\t\t<div class=\"elementor-element elementor-element-519ddca elementor-widget elementor-widget-heading\" data-id=\"519ddca\" data-element_type=\"widget\" data-widget_type=\"heading.default\">\n\t\t\t\t<div class=\"elementor-widget-container\">\n\t\t\t<h2 class=\"elementor-heading-title elementor-size-default\">Solunum Teknolojisinin Zirve Noktas\u0131<\/h2>\t\t<\/div>\n\t\t\t\t<\/div>\n\t\t\t\t\t<\/div>\n\t\t<\/div>\n\t\t\t\t\t<\/div>\n\t\t<\/section>\n\t\t\t\t<section class=\"elementor-section elementor-top-section elementor-element elementor-element-43a4a9f elementor-section-full_width elementor-section-stretched elementor-section-height-default elementor-section-height-default\" data-id=\"43a4a9f\" data-element_type=\"section\" data-settings=\"{&quot;stretch_section&quot;:&quot;section-stretched&quot;,&quot;background_background&quot;:&quot;classic&quot;}\">\n\t\t\t\t\t\t<div class=\"elementor-container elementor-column-gap-no\">\n\t\t\t\t\t<div class=\"aux-parallax-section elementor-column elementor-col-100 elementor-top-column elementor-element elementor-element-0b84f0a\" data-id=\"0b84f0a\" data-element_type=\"column\">\n\t\t\t<div class=\"elementor-widget-wrap elementor-element-populated\">\n\t\t\t\t\t\t<div class=\"elementor-element elementor-element-517e50c elementor-widget elementor-widget-spacer\" data-id=\"517e50c\" data-element_type=\"widget\" data-widget_type=\"spacer.default\">\n\t\t\t\t<div class=\"elementor-widget-container\">\n\t\t\t\t\t<div class=\"elementor-spacer\">\n\t\t\t<div class=\"elementor-spacer-inner\"><\/div>\n\t\t<\/div>\n\t\t\t\t<\/div>\n\t\t\t\t<\/div>\n\t\t\t\t<div class=\"elementor-element elementor-element-f014554 elementor-widget elementor-widget-spacer\" data-id=\"f014554\" data-element_type=\"widget\" data-widget_type=\"spacer.default\">\n\t\t\t\t<div class=\"elementor-widget-container\">\n\t\t\t\t\t<div class=\"elementor-spacer\">\n\t\t\t<div class=\"elementor-spacer-inner\"><\/div>\n\t\t<\/div>\n\t\t\t\t<\/div>\n\t\t\t\t<\/div>\n\t\t\t\t\t<\/div>\n\t\t<\/div>\n\t\t\t\t\t<\/div>\n\t\t<\/section>\n\t\t\t\t<section class=\"elementor-section elementor-top-section elementor-element elementor-element-e67c338 elementor-section-boxed elementor-section-height-default elementor-section-height-default\" data-id=\"e67c338\" data-element_type=\"section\">\n\t\t\t\t\t\t<div class=\"elementor-container elementor-column-gap-default\">\n\t\t\t\t\t<div class=\"aux-parallax-section elementor-column elementor-col-100 elementor-top-column elementor-element elementor-element-a6c375b\" data-id=\"a6c375b\" data-element_type=\"column\">\n\t\t\t<div class=\"elementor-widget-wrap elementor-element-populated\">\n\t\t\t\t\t\t<div class=\"elementor-element elementor-element-9d11e84 elementor-widget elementor-widget-spacer\" data-id=\"9d11e84\" data-element_type=\"widget\" data-widget_type=\"spacer.default\">\n\t\t\t\t<div class=\"elementor-widget-container\">\n\t\t\t\t\t<div class=\"elementor-spacer\">\n\t\t\t<div class=\"elementor-spacer-inner\"><\/div>\n\t\t<\/div>\n\t\t\t\t<\/div>\n\t\t\t\t<\/div>\n\t\t\t\t\t<\/div>\n\t\t<\/div>\n\t\t\t\t\t<\/div>\n\t\t<\/section>\n\t\t\t\t<section class=\"elementor-section elementor-top-section elementor-element elementor-element-9505a7c elementor-section-stretched elementor-section-boxed elementor-section-height-default elementor-section-height-default\" data-id=\"9505a7c\" data-element_type=\"section\" data-settings=\"{&quot;stretch_section&quot;:&quot;section-stretched&quot;}\">\n\t\t\t\t\t\t<div class=\"elementor-container elementor-column-gap-default\">\n\t\t\t\t\t<div class=\"aux-parallax-section elementor-column elementor-col-50 elementor-top-column elementor-element elementor-element-8d65797\" data-id=\"8d65797\" data-element_type=\"column\">\n\t\t\t<div class=\"elementor-widget-wrap elementor-element-populated\">\n\t\t\t\t\t\t<div class=\"elementor-element elementor-element-abe883b elementor-widget elementor-widget-spacer\" data-id=\"abe883b\" data-element_type=\"widget\" data-widget_type=\"spacer.default\">\n\t\t\t\t<div class=\"elementor-widget-container\">\n\t\t\t\t\t<div class=\"elementor-spacer\">\n\t\t\t<div class=\"elementor-spacer-inner\"><\/div>\n\t\t<\/div>\n\t\t\t\t<\/div>\n\t\t\t\t<\/div>\n\t\t\t\t<div class=\"elementor-element elementor-element-1115939 elementor-widget elementor-widget-heading\" data-id=\"1115939\" data-element_type=\"widget\" data-widget_type=\"heading.default\">\n\t\t\t\t<div class=\"elementor-widget-container\">\n\t\t\t<h2 class=\"elementor-heading-title elementor-size-default\">OBOG Nas\u0131l \u00c7al\u0131\u015f\u0131r?\n<\/h2>\t\t<\/div>\n\t\t\t\t<\/div>\n\t\t\t\t<div class=\"elementor-element elementor-element-c47910e elementor-widget elementor-widget-text-editor\" data-id=\"c47910e\" data-element_type=\"widget\" data-widget_type=\"text-editor.default\">\n\t\t\t\t<div class=\"elementor-widget-container\">\n\t\t\t\t\t\t\t<p>OBOGS \u00fcnitesinden ayr\u0131lan havan\u0131n oksijen konsantrasyonu s\u00fcrekli olarak izlenir ve i\u015flem, belirli fizyolojik s\u0131n\u0131rlar i\u00e7inde kalacak \u015fekilde ayarlan\u0131r. \u0130zleme ve denetleme paramanyetik oksijen alg\u0131lama teknolojisi kullan\u0131larak ger\u00e7ekle\u015ftirilir. Monit\u00f6r, kontrol cihaz\u0131n\u0131n ve konsantrasyon alg\u0131lama eleman\u0131n\u0131n ar\u0131zalanmas\u0131n\u0131n sistemin g\u00fcvenli\u011fini tehlikeye atamayacak \u015fekilde b\u00f6l\u00fcnm\u00fc\u015ft\u00fcr. Ar\u0131za durumunda maksimum ayara ula\u015f\u0131r. OBOGS \u00fcnitesi i\u00e7inde ar\u0131za durumunda aktif protokoller bulunmaktad\u0131r.<\/p>\t\t\t\t\t\t<\/div>\n\t\t\t\t<\/div>\n\t\t\t\t\t<\/div>\n\t\t<\/div>\n\t\t\t\t<div class=\"aux-parallax-section elementor-column elementor-col-50 elementor-top-column elementor-element elementor-element-eb090f6\" data-id=\"eb090f6\" data-element_type=\"column\">\n\t\t\t<div class=\"elementor-widget-wrap elementor-element-populated\">\n\t\t\t\t\t\t<div class=\"elementor-element elementor-element-48bc5fa elementor-widget elementor-widget-spacer\" data-id=\"48bc5fa\" data-element_type=\"widget\" data-widget_type=\"spacer.default\">\n\t\t\t\t<div class=\"elementor-widget-container\">\n\t\t\t\t\t<div class=\"elementor-spacer\">\n\t\t\t<div class=\"elementor-spacer-inner\"><\/div>\n\t\t<\/div>\n\t\t\t\t<\/div>\n\t\t\t\t<\/div>\n\t\t\t\t<div class=\"elementor-element elementor-element-9241b7c elementor-widget elementor-widget-image\" data-id=\"9241b7c\" data-element_type=\"widget\" data-widget_type=\"image.default\">\n\t\t\t\t<div class=\"elementor-widget-container\">\n\t\t\t\t\t\t\t\t\t\t\t\t\t<img decoding=\"async\" width=\"378\" height=\"359\" src=\"https:\/\/www.biosysmed.com\/wp-content\/uploads\/2023\/12\/Obogs-Product-Stock4.png\" class=\"attachment-full size-full wp-image-4085\" alt=\"OBOGS\" srcset=\"https:\/\/www.biosysmed.com\/wp-content\/uploads\/2023\/12\/Obogs-Product-Stock4.png 378w, https:\/\/www.biosysmed.com\/wp-content\/uploads\/2023\/12\/Obogs-Product-Stock4-200x190.png 200w\" sizes=\"(max-width: 378px) 100vw, 378px\" \/>\t\t\t\t\t\t\t\t\t\t\t\t\t<\/div>\n\t\t\t\t<\/div>\n\t\t\t\t<div class=\"elementor-element elementor-element-70009ae elementor-widget elementor-widget-spacer\" data-id=\"70009ae\" data-element_type=\"widget\" data-widget_type=\"spacer.default\">\n\t\t\t\t<div class=\"elementor-widget-container\">\n\t\t\t\t\t<div class=\"elementor-spacer\">\n\t\t\t<div class=\"elementor-spacer-inner\"><\/div>\n\t\t<\/div>\n\t\t\t\t<\/div>\n\t\t\t\t<\/div>\n\t\t\t\t\t<\/div>\n\t\t<\/div>\n\t\t\t\t\t<\/div>\n\t\t<\/section>\n\t\t\t\t<\/div>\n\t\t","protected":false},"excerpt":{"rendered":"<p>OBOGS Kabin \u0130\u00e7i Oksijen \u00dcretim Sistemi G\u00f6ky\u00fcz\u00fcndeki Yerli Solunum Teknolojisi Geli\u015ftirmekte oldu\u011fumuz Obogs sistemi, sava\u015f u\u00e7a\u011f\u0131n\u0131n u\u00e7u\u015f s\u0131ras\u0131nda kendi oksijenini \u00fcretmesini sa\u011flayan bir sistemdir. Sistem, molek\u00fcler s\u00fczge\u00e7 olarak i\u015flev g\u00f6ren Zeolit malzemesi arac\u0131l\u0131\u011f\u0131yla, i\u00e7inden ge\u00e7en nitrojen gaz\u0131n\u0131 tutarak oksijen konsantrasyonunu artt\u0131r\u0131r. Destek Akademi Katalog Bro\u015f\u00fcr Alan Tasarruflu \u00dcr\u00fcn Obogs, stok ve depo bak\u0131m\u0131na ihtiya\u00e7 duymaz. [&hellip;]<\/p>\n","protected":false},"author":1,"featured_media":0,"parent":0,"menu_order":0,"comment_status":"closed","ping_status":"closed","template":"","meta":{"content-type":"","footnotes":""},"class_list":["post-7495","page","type-page","status-publish","hentry"],"_links":{"self":[{"href":"https:\/\/www.biosysmed.com\/tr\/wp-json\/wp\/v2\/pages\/7495"}],"collection":[{"href":"https:\/\/www.biosysmed.com\/tr\/wp-json\/wp\/v2\/pages"}],"about":[{"href":"https:\/\/www.biosysmed.com\/tr\/wp-json\/wp\/v2\/types\/page"}],"author":[{"embeddable":true,"href":"https:\/\/www.biosysmed.com\/tr\/wp-json\/wp\/v2\/users\/1"}],"replies":[{"embeddable":true,"href":"https:\/\/www.biosysmed.com\/tr\/wp-json\/wp\/v2\/comments?post=7495"}],"version-history":[{"count":13,"href":"https:\/\/www.biosysmed.com\/tr\/wp-json\/wp\/v2\/pages\/7495\/revisions"}],"predecessor-version":[{"id":8879,"href":"https:\/\/www.biosysmed.com\/tr\/wp-json\/wp\/v2\/pages\/7495\/revisions\/8879"}],"wp:attachment":[{"href":"https:\/\/www.biosysmed.com\/tr\/wp-json\/wp\/v2\/media?parent=7495"}],"curies":[{"name":"wp","href":"https:\/\/api.w.org\/{rel}","templated":true}]}}